{"id":8259,"date":"2026-04-22T17:50:21","date_gmt":"2026-04-22T15:50:21","guid":{"rendered":"https:\/\/restaurantemanjares.es\/?post_type=product&#038;p=8259"},"modified":"2026-04-22T18:35:06","modified_gmt":"2026-04-22T16:35:06","slug":"chuleton-de-ternera-anoja-550-gr-aprox","status":"publish","type":"product","link":"https:\/\/restaurantemanjares.es\/en\/product\/chuleton-de-ternera-anoja-550-gr-aprox\/","title":{"rendered":"Chulet\u00f3n de Ternera A\u00f1oja (550 Gr aprox)"},"content":{"rendered":"<p>al carb\u00f3n de coco ecol\u00f3gico con patatas y pimientos del Padr\u00f3n<\/p>","protected":false},"excerpt":{"rendered":"<p><strong>&#8212;<\/strong><\/p>","protected":false},"featured_media":0,"template":"","meta":[],"product_brand":[],"product_cat":[52],"product_tag":[],"class_list":{"0":"post-8259","1":"product","2":"type-product","3":"status-publish","5":"product_cat-carnes","7":"first","8":"instock","9":"shipping-taxable","10":"purchasable","11":"product-type-simple"},"aioseo_notices":[],"_links":{"self":[{"href":"https:\/\/restaurantemanjares.es\/en\/wp-json\/wp\/v2\/product\/8259","targetHints":{"allow":["GET"]}}],"collection":[{"href":"https:\/\/restaurantemanjares.es\/en\/wp-json\/wp\/v2\/product"}],"about":[{"href":"https:\/\/restaurantemanjares.es\/en\/wp-json\/wp\/v2\/types\/product"}],"wp:attachment":[{"href":"https:\/\/restaurantemanjares.es\/en\/wp-json\/wp\/v2\/media?parent=8259"}],"wp:term":[{"taxonomy":"product_brand","embeddable":true,"href":"https:\/\/restaurantemanjares.es\/en\/wp-json\/wp\/v2\/product_brand?post=8259"},{"taxonomy":"product_cat","embeddable":true,"href":"https:\/\/restaurantemanjares.es\/en\/wp-json\/wp\/v2\/product_cat?post=8259"},{"taxonomy":"product_tag","embeddable":true,"href":"https:\/\/restaurantemanjares.es\/en\/wp-json\/wp\/v2\/product_tag?post=8259"}],"curies":[{"name":"wp","href":"https:\/\/api.w.org\/{rel}","templated":true}]}}