{"id":624,"date":"2021-12-12T21:37:35","date_gmt":"2021-12-12T21:37:35","guid":{"rendered":"https:\/\/restaurantemanjares.es\/bew\/?page_id=624"},"modified":"2021-12-18T20:11:01","modified_gmt":"2021-12-18T20:11:01","slug":"politica-de-cookies","status":"publish","type":"page","link":"https:\/\/restaurantemanjares.es\/en\/politica-de-cookies\/","title":{"rendered":"Cookie Policy"},"content":{"rendered":"<div data-elementor-type=\"wp-page\" data-elementor-id=\"624\" class=\"elementor elementor-624\" data-elementor-post-type=\"page\">\n\t\t\t\t\t\t<section class=\"elementor-section elementor-top-section elementor-element elementor-element-499f6e8 elementor-section-boxed elementor-section-height-default elementor-section-height-default\" data-id=\"499f6e8\" data-element_type=\"section\" data-e-type=\"section\">\n\t\t\t\t\t\t<div class=\"elementor-container elementor-column-gap-default\">\n\t\t\t\t\t<div class=\"elementor-column elementor-col-100 elementor-top-column elementor-element elementor-element-9accc64\" data-id=\"9accc64\" data-element_type=\"column\" data-e-type=\"column\" data-settings=\"{&quot;background_background&quot;:&quot;classic&quot;}\">\n\t\t\t<div class=\"elementor-widget-wrap elementor-element-populated\">\n\t\t\t\t\t\t<div class=\"elementor-element elementor-element-eed257f elementor-widget elementor-widget-text-editor\" data-id=\"eed257f\" data-element_type=\"widget\" data-e-type=\"widget\" data-widget_type=\"text-editor.default\">\n\t\t\t\t<div class=\"elementor-widget-container\">\n\t\t\t\t\t\t\t\t\t<p><strong>POL\u00cdTICA DE COOKIES DE LA P\u00c1GINA WEB<\/strong><\/p><p><strong><u>Uso de Cookies:<\/u><\/strong><\/p><p>Esta p\u00e1gina pertenece a Construcciones CAR-MEN, S.L. en cuanto titular de la web <a href=\"https:\/\/restaurantemanjares.es\/en\/bew\/\">restaurantemanjares.es<\/a> y utiliza Cookies, esto es, peque\u00f1os archivos de datos que se guardan en el ordenador o dispositivos m\u00f3viles del usuario, con el objetivo de facilitar la navegaci\u00f3n en la web, de obtener datos sobre comportamientos, preferencias, etc., mejorando su experiencia y simplificando sus visitas a la Plataforma.<\/p><p>De esta forma, las cookies mantienen el recuerdo de sus preferencias en futuras visitas. Nunca se almacenar\u00e1 en Cookies informaci\u00f3n de identificaci\u00f3n personal como nombre, direcci\u00f3n, contrase\u00f1a, datos bancarios, de tarjeta de cr\u00e9dito, datos de pago, etc.<\/p><p><strong><u>Consentimiento:<\/u><\/strong><\/p><p>Al acceder a la web <a href=\"https:\/\/restaurantemanjares.es\/en\/bew\/\">restaurantemanjares.es<\/a> usted, como usuario, debe aceptar o rechazar selectivamente el uso de cookies en el desplegable que le aparece al acceder a la p\u00e1gina, de acuerdo con la presente Pol\u00edtica de Cookies, teniendo acceso en todo momento a bloquearlas, rechazar su uso o eliminarlas.<\/p><p><strong><u>Tipos de Cookies:<\/u><\/strong><\/p><p>El Responsable del tratamiento de sus datos, Construcciones CAR-MEN, S.L. (en adelante, Restaurante Manjares) podr\u00e1 utilizar tanto \u201cCookies permanentes o persistentes\u201d como \u201cCookies de sesi\u00f3n\u201d. Las primeras se almacenan en el dispositivo del Cliente durante un m\u00e1ximo de UN (1) mes, mientras que las de sesi\u00f3n, solo se almacenan durante la visita a la Web o a la App, borr\u00e1ndose en el momento en que el Cliente cierra la sesi\u00f3n en su navegador.<\/p><p>Las Cookies permanentes se utilizar\u00e1n en caso de que el Cliente seleccione \u201cRecordarme\u201d al iniciar la sesi\u00f3n.<\/p><p>Asimismo, podr\u00e1n ser utilizadas Cookies de terceros, para recopilar estad\u00edsticas en herramientas tales como Google Analytics o Core Metrics u otros sitios similares. Estas cookies son gestionadas por otra entidad.<\/p><p>Existen, adem\u00e1s, \u201cCookies t\u00e9cnicas\u201d, las cuales permiten la navegaci\u00f3n y uso de los servicios ofrecidos; \u201cCookies de an\u00e1lisis\u201d, que facilitan la labor de seguimiento y estudio del comportamiento de los usuarios; \u201cCookies de personalizaci\u00f3n\u201d, que permiten accesos sucesivos guardando determinadas caracter\u00edsticas del usuario, como el idioma, la configuraci\u00f3n regional; \u201cCookies de Geolocalizaci\u00f3n\u201d que permiten almacenar datos de localizaci\u00f3n del dispositivo para ofrecer contenidos m\u00e1s adecuados; o \u201cCookies de Publicidad\u201d, que recogen informaci\u00f3n sobre los anuncios vistos por cada usuario en portales web de forma an\u00f3nima etc.<\/p><p>Vinculado a los servicios prestados por Hotel Posada de la Siller\u00eda, algunos de ellos pueden incluir la conexi\u00f3n a distintas redes sociales como Twitter, Linkedin, Facebook, Instagram, etc. Si el usuario presta su autorizaci\u00f3n a la pol\u00edtica de cookies y a la de privacidad, autoriza a la red social correspondiente a almacenar una Cookie permanente, de forma que \u00e9sta recordar\u00e1 su identificaci\u00f3n, pudiendo eliminarla en cualquier momento desde la configuraci\u00f3n de la red social que corresponda.<\/p><p><strong>Cookies que pueden ser utilizadas en esta p\u00e1gina web <\/strong><\/p><p>&#8211; Cookies de redes sociales: Las Cookies de redes sociales pueden almacenarse en su navegador mientras navega por <a href=\"https:\/\/restaurantemanjares.es\/en\/bew\/\">restaurantemanjares.es<\/a>\u00a0por ejemplo, cuando utiliza el bot\u00f3n de compartir contenidos en alguna red social.<\/p><p>Las empresas que generan estas cookies correspondientes a las redes sociales que utiliza esta web tienen sus propias pol\u00edticas de cookies:<\/p><p>&#8211; Cookie de Twitter, seg\u00fan lo dispuesto en su pol\u00edtica de privacidad y uso de cookies<\/p><p>&#8211; Cookie de Linkedin, seg\u00fan lo dispuesto en su Pol\u00edtica de cookies<\/p><p>&#8211; Cookie de Facebook, seg\u00fan lo dispuesto en su Pol\u00edtica de Cookies<\/p><table><tbody><tr><td><p>NOMBRE<\/p><\/td><td><p>DURACI\u00d3N<\/p><\/td><td><p>FINALIDAD<\/p><\/td><\/tr><tr><td><p>Propia: Sesi\u00f3ntve_leads_unique<\/p><\/td><td><p>Caduca al finalizar sesi\u00f3n<\/p><\/td><td><p>Almacenan informaci\u00f3n del usuario y sus sesiones para mejorar la experiencia de usuario<\/p><\/td><\/tr><tr><td><p>Terceros persistente_ga<\/p><\/td><td><p>2 a\u00f1os a partir de la configuraci\u00f3n<\/p><\/td><td><p>Se usa para distinguir a los usuarios. Es una cookie perteneciente a Google Analytics.\u00a0<a href=\"http:\/\/ccgfhjb.r.af.d.sendibt2.com\/tr\/cl\/BBC1B34gZ18K0AMXGxnYNkqFOFuG4j8uThNt6HmvCTQFEA-87XjaBrH_gNnNHjefLq1cP9Zmw8jAw3kyMoQEdGUXlQuWQpphw2o2Y_M6bACJE5iBpJmd--gv3HwupIn39ZC2GxtFIXzOVYVOH_AurwrRBA-lluQGp_SFniScDMTFnjuNTFfT-xp67DjHG9fHzYtzujJEdk5kHAzqojh1WJMhrQ\">M\u00e1s informaci\u00f3n<\/a><\/p><\/td><\/tr><tr><td><p>Terceros persistente_gat<\/p><\/td><td><p>10 minutos<\/p><\/td><td><p>Se usa para saber el ratio de recarga. Es una cookie perteneciente a Google Analytics.\u00a0<a href=\"http:\/\/ccgfhjb.r.af.d.sendibt2.com\/tr\/cl\/Jc8ox77X-pQPVdaWGUsOyCuqyFLJMhRFC-NqoVu9MoFLCoXP6m-P_uoqqcj04yOTTmAdRzjFwuphae7qXGzMkhd1YUJZK3MGlzHrhYOWWI1KnQFJZHpcv6WKn-_108Ca2EvL0B5CuEC6nRh4N0dlPKELykd0-6q-EgQ0sX_Ikh_n1-gJWMYbDu8nKgKJ4n5vniPOWJVUJdbR5a54Ehx_DRIT8w\">M\u00e1s informaci\u00f3n<\/a><\/p><\/td><\/tr><tr><td><p>Terceros persistente__utma<\/p><\/td><td><p>2 a\u00f1os desde cada actualizaci\u00f3n<\/p><\/td><td><p>Esta cookie se suele establecer durante la primera visita. Si la cookie es eliminada manualmente, volver\u00e1 a establecerse en la siguiente visita con ID nuevo. En la mayor\u00eda de los casos esta cookie se utiliza para determinar visitantes \u00fanicos a nuestro sitio y es actualizada con cada p\u00e1gina vista. Adem\u00e1s esta cookie tiene un ID \u00fanico de Google Analytics que asegura tanto la validez de la misma como su accesibilidad como una medida de seguridad adicional.\u00a0<a href=\"http:\/\/ccgfhjb.r.af.d.sendibt2.com\/tr\/cl\/hstBJVRCCkUMgHCzeDHt8kCB3EZczaKsygM41AVNJMuhTs3JunmqjYOGgRccuG3fAx6RpOvMtPUCXCplfkgT_hcc9GFG4Y8BcVPSwphPSg6r63DF5jWfDawGRzssxQ3dhmDk3nK0gv8F1DDVmcsd0qLUYstz765Q_C5GYpS0EYmWxJDncN3SmCqlCJQMgzdYRocFZOM7veDyb14F_y3ojKOPgw\">M\u00e1s informaci\u00f3n<\/a><\/p><\/td><\/tr><tr><td><p>Terceros persistente__utmb<\/p><\/td><td><p>2 a\u00f1os desde cada actualizaci\u00f3n<\/p><\/td><td><p>Esta cookie se utiliza para establecer y continuar una sesi\u00f3n de usuario en nuestro sitio. Cuando un usuario visita una p\u00e1gina en nuestro sitio, el c\u00f3digo de Google Analytics intenta actualizar esta cookie. Si no encuentra la cookie, crear\u00e1 una nueva. Cada vez que el usuario visita una p\u00e1gina distinta se actualiza esta cookie para caducar a los 30 minutos, de esa forma contin\u00faa encontrar una sesi\u00f3n \u00fanica en intervalos de 30 minutos. Esta cookie caduca cuando un usuario deja de visitas nuestro sitio por un per\u00edodo de 30 minutos.\u00a0<a href=\"http:\/\/ccgfhjb.r.af.d.sendibt2.com\/tr\/cl\/QtS8GbQ6EwcLQgA2tuvvFS18OZ4mWs1neQ9y_m6JuIhLhInV4wWJdwpBVENjqUaUhgOpttw9fA1Dmu6N0-oirXcRBjDtcQSg4-TLB9APuhqHFs4k1jJQpimMTOpHBA4ZI4_q7XI_4iw62xMhuiIFEOhbb-D2CWtQtOX1VlsaAJH02hqayJTUe929H7IXdRczm5n4SJJPbllAZP1IOc3X8ud-Wg\">M\u00e1s informaci\u00f3n<\/a><\/p><\/td><\/tr><tr><td><p>Terceros persistenteAPISID, HSID, NID, SAPISID, SID, SSID<\/p><\/td><td><p>2 a\u00f1os desde su instalaci\u00f3n<\/p><\/td><td><p>Guarda preferencias de usuario y otra informaci\u00f3n de los servicios de Google que tiene el usuario.\u00a0<a href=\"http:\/\/ccgfhjb.r.af.d.sendibt2.com\/tr\/cl\/vHwUUChOCoNWSc_DwLSRDHpxwaKgsHo__5H7b1B7_Lush3bT6Ovps4LQLx5oe_MYQqUww6foXO98XcSRl-MGlRgFEWIgSRO5lIXx4QrnZv0LTCXWsCW3jSVSIedMbLhFtDORgJpcYwoYHGIFoDZLTgUq9FJ1Icu6GAw2ioDa25DlxRYiTRH-E3ZDbkbchfnnWGl4zX9y_pd0elb9n5ett_Y\">M\u00e1s informaci\u00f3n<\/a><\/p><\/td><\/tr><tr><td><p>Terceros persistente__utmt<\/p><\/td><td><p>De sesi\u00f3n<\/p><\/td><td><p>Historicamente, esta cookie operaba junto con la cookie __utmb para determinar si se deb\u00eda establecer una nueva sesi\u00f3n al usuario. Hoy en d\u00eda no se utiliza pero sigue aqu\u00ed para mantener compatibilidad hacia atr\u00e1s con el c\u00f3digo de theurchin.js y ga.js.\u00a0<a href=\"http:\/\/ccgfhjb.r.af.d.sendibt2.com\/tr\/cl\/zwIBq1RvMNvwWj1niKt8PEtppSxPBnklddsrXube0fNhUNMw_T3-h_5kZNJHEhJkyHE7SjXcFnE_oYnCL72_vS7uNv0IGVUsnCiAvDQpO7TCymx3uaOhM9lFPZDwfIBSLnj476On2E0oOqBLPcqQRrBZZLVYL0CjaS6AVtxtulI3-NQdGDGgPnr_HkRab3KJ1zDoobjdVmcMEwzUMLDzarxxiw\">M\u00e1s informaci\u00f3n<\/a><\/p><\/td><\/tr><tr><td><p>Terceros persistente__utmz<\/p><\/td><td><p>6 meses desde cada actualizaci\u00f3n<\/p><\/td><td><p>Esta cookie guarda informaci\u00f3n de referencias utilizadas por el visitante para llegar a nuestro sitio, ya sea de forma directa, un link de referencia, una b\u00fasqueda web o una campa\u00f1a de publicidad o por email. Se utiliza para calcular el tr\u00e1fico proviniente de buscadores web, campa\u00f1as de marketing y navegaci\u00f3n por nuestro sitio. Esta cookie se actualiza en cada vista de p\u00e1gina.\u00a0<a href=\"http:\/\/ccgfhjb.r.af.d.sendibt2.com\/tr\/cl\/2CmzavHMYEj3DWPy-HPPCA33JRl8BeQEZfG-CJgMQDBj8_dX6xpjgscpzscD6s10O0IYzbze3KLvYq4l6fkJA8tKOOWkfPxNWo57mfTrecIlferdM2Ae6HjIrmkTVJOkgKsP5urafjY7g3CB_X81ZjZDbpYIzifCZM-hCcWp-HdIJ3WUAOQhVeD3Peu1GzdT5pFB5C_sXUHvfVEhBZ5Q8qo80w\">M\u00e1s informaci\u00f3n<\/a><\/p><\/td><\/tr><tr><td><p>Propia persistente__cfduid<\/p><\/td><td><p>5 a\u00f1os<\/p><\/td><td><p>La cookie __ cfduid se utiliza para anular las restricciones de seguridad basadas en la direcci\u00f3n IP del visitante est\u00e1 viniendo.\u00a0<a href=\"http:\/\/ccgfhjb.r.af.d.sendibt2.com\/tr\/cl\/yMlYQOe_y9lYv-EIcZ9oCmigkwker9jaefJHZ__ddNeJbdaTB3HMuQg6RgccmlNk7eGLVXoaueGHWqbKNjqj4Ed6sZ1TaIJNeu6FUPZEXwhqeVPnehOnuxQXUMq0sMNtXrLQs9ywdWLAOzdkU7bfEik7qpJDU1sp1dpuTMIIfb35MDnABpTIisNa57UNfV6_1pp_mzSdFZ-kmRHY1pQ-oRnXJfH1mdZbZkifaPAVZdnVA0Uo6gU8lmbgNxBAcSpvMa_Kbu-Gx3rQs_ZjgYgAA6AKzUrcKr7rO1s73Rv-NQ\">M\u00e1s informaci\u00f3n<\/a><\/p><\/td><\/tr><tr><td><p>Propia__smVID<\/p><\/td><td><p>Caduca al finalizar la sesi\u00f3n<\/p><\/td><td><p>Almacena informaci\u00f3n del usuario y sus sesiones para mejorar la experiencia de usuario.<\/p><\/td><\/tr><tr><td><p>_remember_checked_on<\/p><\/td><td><p>Caduca al finalizar la sesi\u00f3n<\/p><\/td><td><p>Cookies con funcionalidades de Twitter.<\/p><\/td><\/tr><tr><td><p>Terceros persistentepl<\/p><\/td><td><p>90 d\u00edas<\/p><\/td><td><p>Se utiliza para registrar que un dispositivo o un navegador iniciaron sesi\u00f3n a trav\u00e9s de la plataforma de Facebook.\u00a0<a href=\"http:\/\/ccgfhjb.r.af.d.sendibt2.com\/tr\/cl\/xSaoHrM1u7ss6oR6mn1ADC3plTAmsB0a9V-YLXbYmnx3QiUO6bAQXychVi8OP_s2f6HlgAgxPxodPcTryAYjXNVBlb_At1R0Fwk8X9_J9qwDSjVYwENAe1UF8dBB8w_-1E6Ul7FVPtTnUXmcC_eZ78kGGGm58GR1U5peWCzOTFsdEzlFECkyRvd6JQ3_gb34F6McHhVa35nKunFNGJ0i_3MmVNAD6swNX64\">M\u00e1s informaci\u00f3n<\/a><\/p><\/td><\/tr><tr><td><p>Terceros persistentefr<\/p><\/td><td><p>90 d\u00edas<\/p><\/td><td><p>Se trata de la cookie de publicidad principal de Facebook. Se utiliza para ofrecer, analizar y mejorar la relevancia de los anuncios.\u00a0<a href=\"http:\/\/ccgfhjb.r.af.d.sendibt2.com\/tr\/cl\/GxQPddxBstuDrp8Z9R5mSSTiV65kyJ7D1OJUxsZgQmXozKSKRBK-6cPxdqjj4TCW3Sxnbs9RdMOk-PtGM9-Ko6W-QBgIFfkWiPjpHSw8yJfQPeuZH1TWeLoQeBw07roahNhyyRUGJCSIA8HQMSbcv0efi04raKvkSFU2skhyv4hw0F27QzqYFC6Ora-XezwAYWTlOmKDZkd7BKxUpOB-spsUyh8rsl95FwY\">M\u00e1s informaci\u00f3n<\/a><\/p><\/td><\/tr><tr><td><p>Terceros persistentesb<\/p><\/td><td><p>2 a\u00f1os desde su instalaci\u00f3n<\/p><\/td><td><p>Cookie de Facebook que identifica al navegador con fines de autenticaci\u00f3n del inicio de sesi\u00f3n.\u00a0<a href=\"http:\/\/ccgfhjb.r.af.d.sendibt2.com\/tr\/cl\/8U99NSJZ740ns5yqRIC6eWS14A5XK7bPKbrgfk4ImUBn5Nl7y2VBH5V3mjql7QFI_sPUIVr9H3W4jNfX3d-IVFIHwu0RnAd33pdYUyXYMIoQNJ7GOEsw87v422DTCTdsE2o0ctS8WpDIv5Od9bhELf_jUcK6HzAEFSZ0ikfpgrtILCzn7boDeDnswKu-ha4jidbX8ckCNRffj-IghEXtPooFKmQVn5sgXgU\">M\u00e1s informaci\u00f3n<\/a><\/p><\/td><\/tr><tr><td><p>Terceros persistentec_user<\/p><\/td><td><p>20 d\u00edas desde su instalaci\u00f3n<\/p><\/td><td><p>Se utiliza junto con la cookie xs para autenticar tu identidad en Facebook.\u00a0<a href=\"http:\/\/ccgfhjb.r.af.d.sendibt2.com\/tr\/cl\/9AcygWPVYQl1cTTzQ1iTr46HV7dljMYasyEKadZlnurUzBvV3ihnrd0comcVQIaZJOoOI7A_mMZt3EwCSFEn2zopqPy0N2Nd6mTRnFIM8Eu6ZCjRSObuKgjgVM32xnQGa6ozMvIn_awypmX6nM2WPFW3HLCGFNSqCysL-QZy4_3wvS4zmC8yWAFkLkuAif_U90WVtivq30E4uXiYs7d7tDt8EUd2cMX8NkU\">M\u00e1s informaci\u00f3n<\/a><\/p><\/td><\/tr><tr><td><p>Terceros persistentexs<\/p><\/td><td><p>90 d\u00edas desde su instalaci\u00f3n<\/p><\/td><td><p>Se utiliza junto con la cookie c_user para autenticar tu identidad en Facebook.\u00a0<a href=\"http:\/\/ccgfhjb.r.af.d.sendibt2.com\/tr\/cl\/UsueJsJT-umMNnpur2UhoUscvoXFQUFmvp7kdJiUJ4a_7IwztLh_xQlbpLvkOPZBoZqwFksFzUH7_bKwSG6UL5iWFiDnEDA8CCDIUuab-dobtVy2wXfgrQYhQge_DhO0_s9dWp1Hme3hrAO_5d2JDK33VFpj96zSSHBSdPqBt1jvscPH7zwfaYhP38ARoiEUOpXTTMuRO-rs43doMTSvx7OvHeP2q3OEC5o\">M\u00e1s informaci\u00f3n<\/a><\/p><\/td><\/tr><tr><td><p>Terceros persistentedatr<\/p><\/td><td><p>2 a\u00f1os desde su instalaci\u00f3n<\/p><\/td><td><p>De Facebook que identifica a los navegadores con fines de seguridad e integridad del sitio, entre ellos, la recuperaci\u00f3n de cuentas y la identificaci\u00f3n de cuentas que puedan estar en riesgo.\u00a0<a href=\"http:\/\/ccgfhjb.r.af.d.sendibt2.com\/tr\/cl\/KaeEGfyhjLPhQYOvGCULvRD7wEcxZBdQrCYosojqJtm1SDWNzFzPXt05yOOpj9Ma5USgavRSkbrGeBXWhcVgPVcfH_-d2vD99bXuLr0Tjc9gUexMcGLngibYc0_BnuHHrLrcKGw4RQNQOorm0pkCWos9viaH5kIXNXxNgPguzLg8R5RzpTiYJRPipovNY3fRgte1L3PcVpCmCykOoDS3rgPbBwblM7iYarE\">M\u00e1s informaci\u00f3n<\/a><\/p><\/td><\/tr><\/tbody><\/table><p>Dado que las Cookies no son imprescindibles para navegar por la web del Restaurante Manjares, \u00e9stas pueden ser bloqueadas o rechazadas desde el mismo navegador del usuario de forma gen\u00e9rica accediendo al panel de \u201cconfiguraci\u00f3n\u201d de su navegador.<\/p><p><u>\u00a0<strong>C\u00f3mo desactivar las Cookies:<\/strong><\/u><\/p><p>Sin perjuicio de lo anterior, Restaurante Manjares podr\u00e1 utilizar tanto Cookies permanentes como Cookies de sesi\u00f3n. Las primeras se almacenan en el dispositivo del Cliente durante un m\u00e1ximo de UN (1) mes, mientras que las de sesi\u00f3n, solo se almacenan durante la visita a la Web o a la App, borr\u00e1ndose en el momento en que el Cliente cierra la sesi\u00f3n en su navegador.<\/p><p>Puede usted\u00a0permitir, bloquear o eliminar las cookies\u00a0instaladas en su equipo mediante la configuraci\u00f3n de las opciones del navegador instalado en su ordenador.<\/p><p>En la mayor\u00eda de los navegadores web se ofrece la posibilidad de permitir, bloquear o eliminar las cookies instaladas en su equipo.<\/p><p>A continuaci\u00f3n puede acceder a la configuraci\u00f3n de los navegadores webs m\u00e1s frecuentes para aceptar, instalar o desactivar las cookies:<\/p><p><a href=\"https:\/\/support.google.com\/chrome\/answer\/95647?hl=es\">Configurar cookies en Google Chrome<\/a><\/p><p><a href=\"https:\/\/privacy.microsoft.com\/es-es\/windows-10-microsoft-edge-and-privacy\">Configurar cookies en Microsoft Edge<\/a><\/p><p><a href=\"https:\/\/support.mozilla.org\/es\/kb\/habilitar-y-deshabilitar-cookies-sitios-web-rastrear-preferencias?redirectlocale=es&amp;redirectslug=habilitar-y-deshabilitar-cookies-que-los-sitios-we\">Configurar cookies en Mozilla Firefox<\/a><\/p><p><a href=\"https:\/\/support.apple.com\/es-es\/HT201265\">Configurar cookies en Safari (Apple)<\/a><\/p><p><strong><u>Cookies de terceros.<\/u><\/strong><\/p><p>Esta p\u00e1gina web utiliza servicios de terceros para recopilar informaci\u00f3n con fines estad\u00edsticos y de uso de la web. Se usan cookies de DoubleClick para mejorar la publicidad que se incluye en el sitio web. Son utilizadas para orientar la publicidad seg\u00fan el contenido que es relevante para un usuario, mejorando as\u00ed la calidad de experiencia en el uso del mismo.<\/p><p>En concreto, usamos los servicios de Google Adsense y de Google Analytics para nuestras estad\u00edsticas y publicidad.<\/p><p>Nuestro sitio incluye otras funcionalidades proporcionadas por terceros. Usted puede f\u00e1cilmente compartir el contenido en redes sociales como Facebook, Twitter o Google +, con los botones que hemos incluido a tal efecto.<\/p><p>\u00a0<strong><u>Advertencia sobre eliminar cookies.<\/u><\/strong><\/p><p>Al entrar en nuestra p\u00e1gina web aparecer\u00e1 una ventana advirti\u00e9ndole de las cookies empleadas, y desde la que usted podr\u00e1 bien acceder a esta Pol\u00edtica de Cookies, bien aceptar o rechazar las cookies que utilizamos. As\u00ed, Usted puede eliminar y bloquear todas las cookies de este sitio, pero es posible que parte del sitio no funcione correctamente o la calidad de la p\u00e1gina web puede verse afectada.<\/p><p>Si tiene cualquier duda acerca de nuestra pol\u00edtica de cookies, puede contactar con esta p\u00e1gina web a trav\u00e9s de nuestros canales de \u201cContacto\u201d.<\/p><p><strong><u>Modificaci\u00f3n de la Pol\u00edtica de Cookies<\/u><\/strong><\/p><p>El Restaurante Manjares puede actualizar esta Pol\u00edtica de Cookies en cualquier momento, por lo que se recomienda a los usuarios que consulten esta p\u00e1gina cada vez que accedan a la web, para comprobar si ha habido modificaciones.<\/p><p><strong>Para obtener m\u00e1s informaci\u00f3n sobre el Restaurante Manjares, visite nuestro Aviso Legal y Pol\u00edtica de Privacidad<\/strong><\/p>\t\t\t\t\t\t\t\t<\/div>\n\t\t\t\t<\/div>\n\t\t\t\t\t<\/div>\n\t\t<\/div>\n\t\t\t\t\t<\/div>\n\t\t<\/section>\n\t\t\t\t<\/div>","protected":false},"excerpt":{"rendered":"<p>POL\u00cdTICA DE COOKIES DE LA P\u00c1GINA WEB Uso de Cookies: Esta p\u00e1gina pertenece a Construcciones CAR-MEN, S.L. en cuanto titular de la [&hellip;]<\/p>\n","protected":false},"author":1,"featured_media":0,"parent":0,"menu_order":0,"comment_status":"closed","ping_status":"closed","template":"elementor_header_footer","meta":{"footnotes":""},"class_list":["post-624","page","type-page","status-publish","hentry"],"aioseo_notices":[],"_links":{"self":[{"href":"https:\/\/restaurantemanjares.es\/en\/wp-json\/wp\/v2\/pages\/624","targetHints":{"allow":["GET"]}}],"collection":[{"href":"https:\/\/restaurantemanjares.es\/en\/wp-json\/wp\/v2\/pages"}],"about":[{"href":"https:\/\/restaurantemanjares.es\/en\/wp-json\/wp\/v2\/types\/page"}],"author":[{"embeddable":true,"href":"https:\/\/restaurantemanjares.es\/en\/wp-json\/wp\/v2\/users\/1"}],"replies":[{"embeddable":true,"href":"https:\/\/restaurantemanjares.es\/en\/wp-json\/wp\/v2\/comments?post=624"}],"version-history":[{"count":20,"href":"https:\/\/restaurantemanjares.es\/en\/wp-json\/wp\/v2\/pages\/624\/revisions"}],"predecessor-version":[{"id":1577,"href":"https:\/\/restaurantemanjares.es\/en\/wp-json\/wp\/v2\/pages\/624\/revisions\/1577"}],"wp:attachment":[{"href":"https:\/\/restaurantemanjares.es\/en\/wp-json\/wp\/v2\/media?parent=624"}],"curies":[{"name":"wp","href":"https:\/\/api.w.org\/{rel}","templated":true}]}}