{"id":4682,"date":"2023-03-08T21:12:55","date_gmt":"2023-03-08T20:12:55","guid":{"rendered":"https:\/\/restaurantemanjares.es\/?page_id=4682"},"modified":"2023-09-05T07:05:33","modified_gmt":"2023-09-05T06:05:33","slug":"menu-manjares","status":"publish","type":"page","link":"https:\/\/restaurantemanjares.es\/en\/menu-manjares\/","title":{"rendered":"Men\u00fa Especial Manjares"},"content":{"rendered":"<div data-elementor-type=\"wp-page\" data-elementor-id=\"4682\" class=\"elementor elementor-4682\" data-elementor-post-type=\"page\">\n\t\t\t\t\t\t<section class=\"elementor-section elementor-top-section elementor-element elementor-element-7d79188 elementor-section-full_width elementor-section-height-default elementor-section-height-default\" data-id=\"7d79188\" data-element_type=\"section\" data-e-type=\"section\" data-settings=\"{&quot;background_background&quot;:&quot;classic&quot;}\">\n\t\t\t\t\t\t<div class=\"elementor-container elementor-column-gap-default\">\n\t\t\t\t\t<div class=\"elementor-column elementor-col-100 elementor-top-column elementor-element elementor-element-a42d2f4\" data-id=\"a42d2f4\" data-element_type=\"column\" data-e-type=\"column\" data-settings=\"{&quot;background_background&quot;:&quot;classic&quot;}\">\n\t\t\t<div class=\"elementor-widget-wrap elementor-element-populated\">\n\t\t\t\t\t\t<div class=\"elementor-element elementor-element-8a92c2a elementor-widget elementor-widget-heading\" data-id=\"8a92c2a\" data-element_type=\"widget\" data-e-type=\"widget\" data-widget_type=\"heading.default\">\n\t\t\t\t<div class=\"elementor-widget-container\">\n\t\t\t\t\t<h1 class=\"elementor-heading-title elementor-size-default\">Men\u00fa Especial Manjares *<br><\/h1>\t\t\t\t<\/div>\n\t\t\t\t<\/div>\n\t\t\t\t<div class=\"elementor-element elementor-element-32545c3 elementor-widget elementor-widget-spacer\" data-id=\"32545c3\" data-element_type=\"widget\" data-e-type=\"widget\" data-widget_type=\"spacer.default\">\n\t\t\t\t<div class=\"elementor-widget-container\">\n\t\t\t\t\t\t\t<div class=\"elementor-spacer\">\n\t\t\t<div class=\"elementor-spacer-inner\"><\/div>\n\t\t<\/div>\n\t\t\t\t\t\t<\/div>\n\t\t\t\t<\/div>\n\t\t\t\t\t<\/div>\n\t\t<\/div>\n\t\t\t\t\t<\/div>\n\t\t<\/section>\n\t\t\t\t<section class=\"elementor-section elementor-top-section elementor-element elementor-element-a5ab1a0 elementor-section-full_width elementor-section-height-default elementor-section-height-default\" data-id=\"a5ab1a0\" data-element_type=\"section\" data-e-type=\"section\" data-settings=\"{&quot;background_background&quot;:&quot;classic&quot;}\">\n\t\t\t\t\t\t<div class=\"elementor-container elementor-column-gap-default\">\n\t\t\t\t\t<div class=\"elementor-column elementor-col-100 elementor-top-column elementor-element elementor-element-b345bf0\" data-id=\"b345bf0\" data-element_type=\"column\" data-e-type=\"column\" data-settings=\"{&quot;background_background&quot;:&quot;classic&quot;}\">\n\t\t\t<div class=\"elementor-widget-wrap elementor-element-populated\">\n\t\t\t\t\t\t<div class=\"elementor-element elementor-element-9e6ca71 elementor-widget elementor-widget-text-editor\" data-id=\"9e6ca71\" data-element_type=\"widget\" data-e-type=\"widget\" data-widget_type=\"text-editor.default\">\n\t\t\t\t<div class=\"elementor-widget-container\">\n\t\t\t\t\t\t\t\t\t<h2 style=\"text-align: center;\"><span style=\"color: #000000;\"><strong>ENTRANTE<\/strong><\/span><\/h2><p style=\"text-align: center;\"><strong><span style=\"color: #000000;\">Flor de alcachofa<\/span><\/strong><\/p><p style=\"text-align: center;\"><span style=\"color: #000000;\">con su jam\u00f3n crujiente y aceite de trufa negra<\/span><\/p><h2 style=\"text-align: center;\"><span style=\"color: #000000;\"><strong>AL CENTRO<\/strong><\/span><\/h2><p style=\"text-align: center;\"><span style=\"color: #000000;\"><strong>Surtido de ib\u00e9ricos<\/strong><\/span><\/p><p style=\"text-align: center;\"><span style=\"color: #000000;\">jam\u00f3n, lomo, salchich\u00f3n, chorizo y queso Manchego<\/span><\/p><p style=\"text-align: center;\"><strong><span style=\"color: #000000;\">Ensalada queso de cabra<\/span><\/strong><\/p><p style=\"text-align: center;\"><span style=\"color: #000000;\">con can\u00f3nigos, tomate, nueces, salmorejo y vinagreta dulce PX<\/span><\/p><p style=\"text-align: center;\"><strong><span style=\"color: #000000;\">Tartar de at\u00fan rojo salvaje<\/span><\/strong><\/p><p style=\"text-align: center;\"><span style=\"color: #000000;\">con aguacate, s\u00e9samo y wakame<\/span><\/p>\t\t\t\t\t\t\t\t<\/div>\n\t\t\t\t<\/div>\n\t\t\t\t<div class=\"elementor-element elementor-element-808b4d5 elementor-widget elementor-widget-text-editor\" data-id=\"808b4d5\" data-element_type=\"widget\" data-e-type=\"widget\" data-widget_type=\"text-editor.default\">\n\t\t\t\t<div class=\"elementor-widget-container\">\n\t\t\t\t\t\t\t\t\t<h2 style=\"text-align: center;\"><span style=\"color: #000000;\"><strong>ELEGIMOS<\/strong><\/span><\/h2><p style=\"text-align: center;\"><strong><span style=\"color: #000000;\">Solomillo de ternera de a\u00f1ojo<\/span><\/strong><\/p><p style=\"text-align: center;\"><span style=\"color: #000000;\">con crema de patata trufada, yemas de trigueros y salsa espa\u00f1ola<\/span><\/p><p style=\"text-align: center;\"><strong><span style=\"color: #000000;\">Bacalao al horno<\/span><\/strong><\/p><p style=\"text-align: center;\"><span style=\"color: #000000;\">con purrusalda, gambas, almejas y crujiente de puerro<\/span><\/p><p style=\"text-align: center;\"><strong><span style=\"color: #000000;\">Perdiz a la Toledana<\/span><\/strong><\/p><p style=\"text-align: center;\"><span style=\"color: #000000;\">con crema de patata trufada<\/span><\/p>\t\t\t\t\t\t\t\t<\/div>\n\t\t\t\t<\/div>\n\t\t\t\t<div class=\"elementor-element elementor-element-9ba7e06 elementor-widget elementor-widget-text-editor\" data-id=\"9ba7e06\" data-element_type=\"widget\" data-e-type=\"widget\" data-widget_type=\"text-editor.default\">\n\t\t\t\t<div class=\"elementor-widget-container\">\n\t\t\t\t\t\t\t\t\t<h2 style=\"text-align: center;\"><strong><span style=\"color: #000000;\">TERMINAMOS<\/span><\/strong><\/h2><p style=\"text-align: center;\"><span style=\"color: #000000;\"><strong>Selecci\u00f3n \u201cManjares\u201d de postres<\/strong><\/span><\/p><p>\u00a0<\/p>\t\t\t\t\t\t\t\t<\/div>\n\t\t\t\t<\/div>\n\t\t\t\t<div class=\"elementor-element elementor-element-2cdad15 elementor-align-center elementor-widget elementor-widget-button\" data-id=\"2cdad15\" data-element_type=\"widget\" data-e-type=\"widget\" data-widget_type=\"button.default\">\n\t\t\t\t<div class=\"elementor-widget-container\">\n\t\t\t\t\t\t\t\t\t<div class=\"elementor-button-wrapper\">\n\t\t\t\t\t<a class=\"elementor-button elementor-button-link elementor-size-sm\" href=\"https:\/\/restaurantemanjares.es\/en\/contact\/\">\n\t\t\t\t\t\t<span class=\"elementor-button-content-wrapper\">\n\t\t\t\t\t\t\t\t\t<span class=\"elementor-button-text\">BOOK<\/span>\n\t\t\t\t\t<\/span>\n\t\t\t\t\t<\/a>\n\t\t\t\t<\/div>\n\t\t\t\t\t\t\t\t<\/div>\n\t\t\t\t<\/div>\n\t\t\t\t<div class=\"elementor-element elementor-element-4772bfe elementor-widget elementor-widget-text-editor\" data-id=\"4772bfe\" data-element_type=\"widget\" data-e-type=\"widget\" data-widget_type=\"text-editor.default\">\n\t\t\t\t<div class=\"elementor-widget-container\">\n\t\t\t\t\t\t\t\t\t<h2 style=\"text-align: center;\"><strong><span style=\"color: #000000;\"><span style=\"font-size: px;\">MENU ESPECIAL MANJARES<\/span><\/span><\/strong><\/h2><p style=\"text-align: center;\"><span style=\"color: #000000;\"><strong>* M\u00cdNIMO 2 PERSONAS<\/strong><\/span><\/p><h1 style=\"text-align: center;\"><strong><span style=\"color: #000000;\"><span style=\"font-size: px;\">50,00 \u20ac<\/span><\/span><\/strong><\/h1><p style=\"text-align: center;\"><strong><span style=\"color: #000000;\">Iva Incluido<\/span><\/strong><\/p><p style=\"text-align: center;\"><span style=\"color: #000000;\"><strong>Incluye entrante, platos al centro, un segundo, postre, pan y agua y copa de Ribera del Duero<\/strong><\/span><\/p><p style=\"text-align: center;\"><span style=\"color: #000000;\"><strong>Men\u00fa disponible previa reserva todos los d\u00edas<\/strong><\/span><\/p>\t\t\t\t\t\t\t\t<\/div>\n\t\t\t\t<\/div>\n\t\t\t\t\t<\/div>\n\t\t<\/div>\n\t\t\t\t\t<\/div>\n\t\t<\/section>\n\t\t\t\t<\/div>","protected":false},"excerpt":{"rendered":"<p>Men\u00fa Especial Manjares * ENTRANTE Flor de alcachofa con su jam\u00f3n crujiente y aceite de trufa negra AL CENTRO Surtido de ib\u00e9ricos [&hellip;]<\/p>\n","protected":false},"author":1,"featured_media":1368,"parent":0,"menu_order":0,"comment_status":"closed","ping_status":"closed","template":"elementor_header_footer","meta":{"footnotes":""},"class_list":["post-4682","page","type-page","status-publish","has-post-thumbnail","hentry"],"aioseo_notices":[],"_links":{"self":[{"href":"https:\/\/restaurantemanjares.es\/en\/wp-json\/wp\/v2\/pages\/4682","targetHints":{"allow":["GET"]}}],"collection":[{"href":"https:\/\/restaurantemanjares.es\/en\/wp-json\/wp\/v2\/pages"}],"about":[{"href":"https:\/\/restaurantemanjares.es\/en\/wp-json\/wp\/v2\/types\/page"}],"author":[{"embeddable":true,"href":"https:\/\/restaurantemanjares.es\/en\/wp-json\/wp\/v2\/users\/1"}],"replies":[{"embeddable":true,"href":"https:\/\/restaurantemanjares.es\/en\/wp-json\/wp\/v2\/comments?post=4682"}],"version-history":[{"count":24,"href":"https:\/\/restaurantemanjares.es\/en\/wp-json\/wp\/v2\/pages\/4682\/revisions"}],"predecessor-version":[{"id":5058,"href":"https:\/\/restaurantemanjares.es\/en\/wp-json\/wp\/v2\/pages\/4682\/revisions\/5058"}],"wp:featuredmedia":[{"embeddable":true,"href":"https:\/\/restaurantemanjares.es\/en\/wp-json\/wp\/v2\/media\/1368"}],"wp:attachment":[{"href":"https:\/\/restaurantemanjares.es\/en\/wp-json\/wp\/v2\/media?parent=4682"}],"curies":[{"name":"wp","href":"https:\/\/api.w.org\/{rel}","templated":true}]}}