{"id":3508,"date":"2022-09-14T17:57:24","date_gmt":"2022-09-14T17:57:24","guid":{"rendered":"https:\/\/restaurantemanjares.es\/?page_id=3508"},"modified":"2025-02-24T22:43:22","modified_gmt":"2025-02-24T21:43:22","slug":"desayunos","status":"publish","type":"page","link":"https:\/\/restaurantemanjares.es\/en\/desayunos\/","title":{"rendered":"Manjares Breakfasts"},"content":{"rendered":"<div data-elementor-type=\"wp-page\" data-elementor-id=\"3508\" class=\"elementor elementor-3508\" data-elementor-post-type=\"page\">\n\t\t\t\t\t\t<section class=\"elementor-section elementor-top-section elementor-element elementor-element-f793423 elementor-section-boxed elementor-section-height-default elementor-section-height-default\" data-id=\"f793423\" data-element_type=\"section\" data-e-type=\"section\">\n\t\t\t\t\t\t<div class=\"elementor-container elementor-column-gap-default\">\n\t\t\t\t\t<div class=\"elementor-column elementor-col-100 elementor-top-column elementor-element elementor-element-b999568\" data-id=\"b999568\" data-element_type=\"column\" data-e-type=\"column\">\n\t\t\t<div class=\"elementor-widget-wrap elementor-element-populated\">\n\t\t\t\t\t\t<section class=\"elementor-section elementor-inner-section elementor-element elementor-element-978a917 elementor-section-boxed elementor-section-height-default elementor-section-height-default\" data-id=\"978a917\" data-element_type=\"section\" data-e-type=\"section\">\n\t\t\t\t\t\t<div class=\"elementor-container elementor-column-gap-default\">\n\t\t\t\t\t<div class=\"elementor-column elementor-col-50 elementor-inner-column elementor-element elementor-element-7bff2cf\" data-id=\"7bff2cf\" data-element_type=\"column\" data-e-type=\"column\">\n\t\t\t<div class=\"elementor-widget-wrap elementor-element-populated\">\n\t\t\t\t\t\t<div class=\"elementor-element elementor-element-14c78dd elementor-widget elementor-widget-image\" data-id=\"14c78dd\" data-element_type=\"widget\" data-e-type=\"widget\" data-widget_type=\"image.default\">\n\t\t\t\t<div class=\"elementor-widget-container\">\n\t\t\t\t\t\t\t\t\t\t\t\t\t\t\t<img fetchpriority=\"high\" decoding=\"async\" width=\"800\" height=\"650\" src=\"https:\/\/restaurantemanjares.es\/wp-content\/uploads\/2022\/09\/reloj_cafe.jpg\" class=\"attachment-large size-large wp-image-3529\" alt=\"Reloj Caf\u00e9\" srcset=\"https:\/\/restaurantemanjares.es\/wp-content\/uploads\/2022\/09\/reloj_cafe.jpg 800w, https:\/\/restaurantemanjares.es\/wp-content\/uploads\/2022\/09\/reloj_cafe-300x244.jpg 300w, https:\/\/restaurantemanjares.es\/wp-content\/uploads\/2022\/09\/reloj_cafe-768x624.jpg 768w, https:\/\/restaurantemanjares.es\/wp-content\/uploads\/2022\/09\/reloj_cafe-230x187.jpg 230w, https:\/\/restaurantemanjares.es\/wp-content\/uploads\/2022\/09\/reloj_cafe-350x284.jpg 350w, https:\/\/restaurantemanjares.es\/wp-content\/uploads\/2022\/09\/reloj_cafe-480x390.jpg 480w\" sizes=\"(max-width: 800px) 100vw, 800px\" \/>\t\t\t\t\t\t\t\t\t\t\t\t\t\t\t<\/div>\n\t\t\t\t<\/div>\n\t\t\t\t\t<\/div>\n\t\t<\/div>\n\t\t\t\t<div class=\"elementor-column elementor-col-50 elementor-inner-column elementor-element elementor-element-893b8d4\" data-id=\"893b8d4\" data-element_type=\"column\" data-e-type=\"column\">\n\t\t\t<div class=\"elementor-widget-wrap elementor-element-populated\">\n\t\t\t\t\t\t<div class=\"elementor-element elementor-element-676355a elementor-widget elementor-widget-text-editor\" data-id=\"676355a\" data-element_type=\"widget\" data-e-type=\"widget\" data-widget_type=\"text-editor.default\">\n\t\t\t\t<div class=\"elementor-widget-container\">\n\t\t\t\t\t\t\t\t\t<h2 style=\"text-align: left;\"><span style=\"color: #000000;\">Disfruta del mejor caf\u00e9 100% natural ar\u00e1bica junto a nuestras tostadas, croissants, molletes, pinchos y platos para empezar el d\u00eda.<\/span><\/h2><h2><span style=\"color: #000000;\">Y si tu d\u00eda va a ser largo, prueba nuestro desayuno buffet.<\/span><\/h2>\t\t\t\t\t\t\t\t<\/div>\n\t\t\t\t<\/div>\n\t\t\t\t\t<\/div>\n\t\t<\/div>\n\t\t\t\t\t<\/div>\n\t\t<\/section>\n\t\t\t\t\t<\/div>\n\t\t<\/div>\n\t\t\t\t\t<\/div>\n\t\t<\/section>\n\t\t\t\t<section class=\"elementor-section elementor-top-section elementor-element elementor-element-139a4a3 elementor-section-boxed elementor-section-height-default elementor-section-height-default\" data-id=\"139a4a3\" data-element_type=\"section\" data-e-type=\"section\" data-settings=\"{&quot;background_background&quot;:&quot;classic&quot;}\">\n\t\t\t\t\t\t\t<div class=\"elementor-background-overlay\"><\/div>\n\t\t\t\t\t\t\t<div class=\"elementor-container elementor-column-gap-default\">\n\t\t\t\t\t<div class=\"elementor-column elementor-col-100 elementor-top-column elementor-element elementor-element-4b4bc0a\" data-id=\"4b4bc0a\" data-element_type=\"column\" data-e-type=\"column\" data-settings=\"{&quot;background_background&quot;:&quot;classic&quot;}\">\n\t\t\t<div class=\"elementor-widget-wrap elementor-element-populated\">\n\t\t\t\t\t\t<section class=\"elementor-section elementor-inner-section elementor-element elementor-element-da9f9e2 elementor-section-boxed elementor-section-height-default elementor-section-height-default\" data-id=\"da9f9e2\" data-element_type=\"section\" data-e-type=\"section\" data-settings=\"{&quot;background_background&quot;:&quot;classic&quot;}\">\n\t\t\t\t\t\t<div class=\"elementor-container elementor-column-gap-default\">\n\t\t\t\t\t<div class=\"elementor-column elementor-col-50 elementor-inner-column elementor-element elementor-element-1744889\" data-id=\"1744889\" data-element_type=\"column\" data-e-type=\"column\">\n\t\t\t<div class=\"elementor-widget-wrap elementor-element-populated\">\n\t\t\t\t\t\t<div class=\"elementor-element elementor-element-37fe5de elementor-widget elementor-widget-image\" data-id=\"37fe5de\" data-element_type=\"widget\" data-e-type=\"widget\" data-widget_type=\"image.default\">\n\t\t\t\t<div class=\"elementor-widget-container\">\n\t\t\t\t\t\t\t\t\t\t\t\t\t\t\t<img decoding=\"async\" width=\"1024\" height=\"856\" src=\"https:\/\/restaurantemanjares.es\/wp-content\/uploads\/2022\/09\/tortilla-1024x856.jpg\" class=\"attachment-large size-large wp-image-3550\" alt=\"Tortilla de patata\" srcset=\"https:\/\/restaurantemanjares.es\/wp-content\/uploads\/2022\/09\/tortilla-1024x856.jpg 1024w, https:\/\/restaurantemanjares.es\/wp-content\/uploads\/2022\/09\/tortilla-800x669.jpg 800w, https:\/\/restaurantemanjares.es\/wp-content\/uploads\/2022\/09\/tortilla-300x251.jpg 300w, https:\/\/restaurantemanjares.es\/wp-content\/uploads\/2022\/09\/tortilla-768x642.jpg 768w, https:\/\/restaurantemanjares.es\/wp-content\/uploads\/2022\/09\/tortilla-920x769.jpg 920w, https:\/\/restaurantemanjares.es\/wp-content\/uploads\/2022\/09\/tortilla-230x192.jpg 230w, https:\/\/restaurantemanjares.es\/wp-content\/uploads\/2022\/09\/tortilla-350x293.jpg 350w, https:\/\/restaurantemanjares.es\/wp-content\/uploads\/2022\/09\/tortilla-480x401.jpg 480w, https:\/\/restaurantemanjares.es\/wp-content\/uploads\/2022\/09\/tortilla.jpg 1200w\" sizes=\"(max-width: 1024px) 100vw, 1024px\" \/>\t\t\t\t\t\t\t\t\t\t\t\t\t\t\t<\/div>\n\t\t\t\t<\/div>\n\t\t\t\t<div class=\"elementor-element elementor-element-ec5703b elementor-widget__width-initial elementor-widget elementor-widget-text-editor\" data-id=\"ec5703b\" data-element_type=\"widget\" data-e-type=\"widget\" data-widget_type=\"text-editor.default\">\n\t\t\t\t<div class=\"elementor-widget-container\">\n\t\t\t\t\t\t\t\t\t<h3 style=\"text-align: center;\"><span style=\"color: #000000;\">CAF\u00c9 \/ INFUSI\u00d3N* CROISSANT\u00a0 3,40 \u20ac<\/span><\/h3><h3 style=\"text-align: center;\"><span style=\"color: #000000;\">CAF\u00c9 \/ INFUSI\u00d3N* CROISSANT PLANCHA\u00a0 3,80 \u20ac<\/span><\/h3><h3 style=\"text-align: center;\"><span style=\"color: #000000;\">CAF\u00c9 \/ INFUSI\u00d3N* TOSTADA MANTEQUILLA\u00a0 3,40 \u20ac<\/span><\/h3><h3 style=\"text-align: center;\"><span style=\"color: #000000;\">CAF\u00c9 \/ INFUSI\u00d3N* TOSTADA TOMATE Y ACEITE\u00a0 3,40 \u20ac<\/span><\/h3><h3 style=\"text-align: center;\"><span style=\"color: #000000;\">CAF\u00c9 \/ INFUSI\u00d3N* TOSTADA JAM\u00d3N TOMATE Y ACEITE\u00a0 4,90 \u20ac<\/span><\/h3><h3 style=\"text-align: center;\"><span style=\"color: #000000;\">CAF\u00c9 \/ INFUSI\u00d3N* BIZCOCHO\u00a0 3,10 \u20ac<\/span><\/h3><h3 style=\"text-align: center;\"><span style=\"color: #000000;\">CAF\u00c9 \/ INFUSI\u00d3N* 2 CHURROS\u00a0 2,50 \u20ac<\/span><\/h3><h3 style=\"text-align: center;\"><span style=\"color: #000000;\">CAF\u00c9 \/ INFUSI\u00d3N* BOLLER\u00cdA MINI (2 uds)\u00a0 3,40 \u20ac<\/span><\/h3><h3 style=\"text-align: center;\"><span style=\"color: #000000;\">CAF\u00c9 \/ INFUSI\u00d3N* HUEVOS BACON \/ HUEVOS REVUELTOS\u00a0 5,60 \u20ac<\/span><\/h3><h3 style=\"text-align: center;\"><span style=\"color: #000000;\">CAF\u00c9 \/ INFUSI\u00d3N* PINCHO TORTILLA\u00a0 4,60 \u20ac<\/span><\/h3><h3 style=\"text-align: center;\"><span style=\"color: #000000;\">CAF\u00c9 \/ INFUSI\u00d3N* + MOLLETE\u00a0 5,10 \u20ac<\/span><\/h3><h3 style=\"text-align: center;\"><span style=\"color: #000000;\">REFRESCO \/ CERVEZA \/ VINO + PINCHO TORTILLA\u00a0 5,80 \u20ac<\/span><\/h3><h3 style=\"text-align: center;\"><span style=\"color: #000000;\">REFRESCO \/ CERVEZA \/ VINO + HUEVOS BACON \/ HUEVOS REVUELTOS \u00a0 7,00 \u20ac<\/span><\/h3><h3 style=\"text-align: center;\"><span style=\"color: #000000;\">REFRESCO \/ CERVEZA \/ VINO + MOLLETE\u00a0 6,80 \u20ac<\/span><\/h3>\t\t\t\t\t\t\t\t<\/div>\n\t\t\t\t<\/div>\n\t\t\t\t\t<\/div>\n\t\t<\/div>\n\t\t\t\t<div class=\"elementor-column elementor-col-50 elementor-inner-column elementor-element elementor-element-03a4e42\" data-id=\"03a4e42\" data-element_type=\"column\" data-e-type=\"column\">\n\t\t\t<div class=\"elementor-widget-wrap elementor-element-populated\">\n\t\t\t\t\t\t<div class=\"elementor-element elementor-element-a4f2ade elementor-widget elementor-widget-image\" data-id=\"a4f2ade\" data-element_type=\"widget\" data-e-type=\"widget\" data-widget_type=\"image.default\">\n\t\t\t\t<div class=\"elementor-widget-container\">\n\t\t\t\t\t\t\t\t\t\t\t\t\t\t\t<img decoding=\"async\" width=\"1024\" height=\"849\" src=\"https:\/\/restaurantemanjares.es\/wp-content\/uploads\/2022\/06\/entrepanes_flyer-e1665062375784-1024x849.png\" class=\"attachment-large size-large wp-image-3235\" alt=\"\" srcset=\"https:\/\/restaurantemanjares.es\/wp-content\/uploads\/2022\/06\/entrepanes_flyer-e1665062375784-1024x849.png 1024w, https:\/\/restaurantemanjares.es\/wp-content\/uploads\/2022\/06\/entrepanes_flyer-e1665062375784-800x663.png 800w, https:\/\/restaurantemanjares.es\/wp-content\/uploads\/2022\/06\/entrepanes_flyer-e1665062375784-300x249.png 300w, https:\/\/restaurantemanjares.es\/wp-content\/uploads\/2022\/06\/entrepanes_flyer-e1665062375784-768x636.png 768w, https:\/\/restaurantemanjares.es\/wp-content\/uploads\/2022\/06\/entrepanes_flyer-e1665062375784-920x762.png 920w, https:\/\/restaurantemanjares.es\/wp-content\/uploads\/2022\/06\/entrepanes_flyer-e1665062375784-230x191.png 230w, https:\/\/restaurantemanjares.es\/wp-content\/uploads\/2022\/06\/entrepanes_flyer-e1665062375784-350x290.png 350w, https:\/\/restaurantemanjares.es\/wp-content\/uploads\/2022\/06\/entrepanes_flyer-e1665062375784-480x398.png 480w, https:\/\/restaurantemanjares.es\/wp-content\/uploads\/2022\/06\/entrepanes_flyer-e1665062375784.png 1057w\" sizes=\"(max-width: 1024px) 100vw, 1024px\" \/>\t\t\t\t\t\t\t\t\t\t\t\t\t\t\t<\/div>\n\t\t\t\t<\/div>\n\t\t\t\t<div class=\"elementor-element elementor-element-45c187d elementor-widget elementor-widget-text-editor\" data-id=\"45c187d\" data-element_type=\"widget\" data-e-type=\"widget\" data-widget_type=\"text-editor.default\">\n\t\t\t\t<div class=\"elementor-widget-container\">\n\t\t\t\t\t\t\t\t\t<h2 style=\"text-align: center;\"><span style=\"color: #000000;\"><b>MOLLETES<\/b><\/span><\/h2><h3 style=\"text-align: center;\">CALAMARES CON SALSA ALIOLI<br \/>TORTILLA DE PATATAS<br \/>LOMO CON QUESO, TOMATE Y PIMIENTOS<br \/>VEGETAL<br \/>JAM\u00d3N CON TOMATE<br \/>BACON CON QUESO<br \/>TERNERA CON R\u00daCULA Y QUESO<br \/>LAC\u00d3N IB\u00c9RICO ASADO Y PIMENT\u00d3N<\/h3>\t\t\t\t\t\t\t\t<\/div>\n\t\t\t\t<\/div>\n\t\t\t\t<div class=\"elementor-element elementor-element-255537d elementor-widget elementor-widget-image\" data-id=\"255537d\" data-element_type=\"widget\" data-e-type=\"widget\" data-widget_type=\"image.default\">\n\t\t\t\t<div class=\"elementor-widget-container\">\n\t\t\t\t\t\t\t\t\t\t\t\t\t\t\t<img loading=\"lazy\" decoding=\"async\" width=\"1024\" height=\"768\" src=\"https:\/\/restaurantemanjares.es\/wp-content\/uploads\/2022\/09\/molletecalalech-1024x768.jpeg\" class=\"attachment-large size-large wp-image-3661\" alt=\"Mollete de calamares\" srcset=\"https:\/\/restaurantemanjares.es\/wp-content\/uploads\/2022\/09\/molletecalalech-1024x768.jpeg 1024w, https:\/\/restaurantemanjares.es\/wp-content\/uploads\/2022\/09\/molletecalalech-800x600.jpeg 800w, https:\/\/restaurantemanjares.es\/wp-content\/uploads\/2022\/09\/molletecalalech-300x225.jpeg 300w, https:\/\/restaurantemanjares.es\/wp-content\/uploads\/2022\/09\/molletecalalech-768x576.jpeg 768w, https:\/\/restaurantemanjares.es\/wp-content\/uploads\/2022\/09\/molletecalalech-1536x1152.jpeg 1536w, https:\/\/restaurantemanjares.es\/wp-content\/uploads\/2022\/09\/molletecalalech-920x690.jpeg 920w, https:\/\/restaurantemanjares.es\/wp-content\/uploads\/2022\/09\/molletecalalech-230x173.jpeg 230w, https:\/\/restaurantemanjares.es\/wp-content\/uploads\/2022\/09\/molletecalalech-350x263.jpeg 350w, https:\/\/restaurantemanjares.es\/wp-content\/uploads\/2022\/09\/molletecalalech-480x360.jpeg 480w, https:\/\/restaurantemanjares.es\/wp-content\/uploads\/2022\/09\/molletecalalech.jpeg 2048w\" sizes=\"(max-width: 1024px) 100vw, 1024px\" \/>\t\t\t\t\t\t\t\t\t\t\t\t\t\t\t<\/div>\n\t\t\t\t<\/div>\n\t\t\t\t\t<\/div>\n\t\t<\/div>\n\t\t\t\t\t<\/div>\n\t\t<\/section>\n\t\t\t\t<div class=\"elementor-element elementor-element-a1a1d1a elementor-widget elementor-widget-image\" data-id=\"a1a1d1a\" data-element_type=\"widget\" data-e-type=\"widget\" data-widget_type=\"image.default\">\n\t\t\t\t<div class=\"elementor-widget-container\">\n\t\t\t\t\t\t\t\t\t\t\t\t\t\t\t<img loading=\"lazy\" decoding=\"async\" width=\"1024\" height=\"660\" src=\"https:\/\/restaurantemanjares.es\/wp-content\/uploads\/2023\/04\/09102022-_78A8722-1024x660.jpg\" class=\"attachment-large size-large wp-image-4884\" alt=\"\" srcset=\"https:\/\/restaurantemanjares.es\/wp-content\/uploads\/2023\/04\/09102022-_78A8722-1024x660.jpg 1024w, https:\/\/restaurantemanjares.es\/wp-content\/uploads\/2023\/04\/09102022-_78A8722-scaled-800x516.jpg 800w, https:\/\/restaurantemanjares.es\/wp-content\/uploads\/2023\/04\/09102022-_78A8722-300x193.jpg 300w, https:\/\/restaurantemanjares.es\/wp-content\/uploads\/2023\/04\/09102022-_78A8722-768x495.jpg 768w, https:\/\/restaurantemanjares.es\/wp-content\/uploads\/2023\/04\/09102022-_78A8722-1536x990.jpg 1536w, https:\/\/restaurantemanjares.es\/wp-content\/uploads\/2023\/04\/09102022-_78A8722-2048x1320.jpg 2048w, https:\/\/restaurantemanjares.es\/wp-content\/uploads\/2023\/04\/09102022-_78A8722-1000x645.jpg 1000w, https:\/\/restaurantemanjares.es\/wp-content\/uploads\/2023\/04\/09102022-_78A8722-230x148.jpg 230w, https:\/\/restaurantemanjares.es\/wp-content\/uploads\/2023\/04\/09102022-_78A8722-350x226.jpg 350w, https:\/\/restaurantemanjares.es\/wp-content\/uploads\/2023\/04\/09102022-_78A8722-480x309.jpg 480w\" sizes=\"(max-width: 1024px) 100vw, 1024px\" \/>\t\t\t\t\t\t\t\t\t\t\t\t\t\t\t<\/div>\n\t\t\t\t<\/div>\n\t\t\t\t<div class=\"elementor-element elementor-element-4e0d3c4 elementor-widget elementor-widget-text-editor\" data-id=\"4e0d3c4\" data-element_type=\"widget\" data-e-type=\"widget\" data-widget_type=\"text-editor.default\">\n\t\t\t\t<div class=\"elementor-widget-container\">\n\t\t\t\t\t\t\t\t\t<h3 style=\"text-align: center;\"><span style=\"color: #000000;\">SUPLEMENTO ZUMO NATURAL 2,30 \u20ac<\/span><\/h3><h3 style=\"text-align: center;\"><span style=\"color: #000000;\">* SUPLEMENTO INFUSI\u00d3N PREMIUM 0,90 \u20ac<\/span><\/h3><h3 style=\"text-align: center;\"><span style=\"color: #000000;\">DESAYUNO DE BARRA DESDE LAS 8:00 AM HASTA LAS 12:00 AM<\/span><\/h3><h3 style=\"text-align: center;\"><span style=\"color: #000000;\">DESAYUNO BUFFET\u00a0 15,00 \u20ac DE 8:00 AM A 11:00 AM<\/span><\/h3>\t\t\t\t\t\t\t\t<\/div>\n\t\t\t\t<\/div>\n\t\t\t\t\t<\/div>\n\t\t<\/div>\n\t\t\t\t\t<\/div>\n\t\t<\/section>\n\t\t\t\t<\/div>","protected":false},"excerpt":{"rendered":"<p>Disfruta del mejor caf\u00e9 100% natural ar\u00e1bica junto a nuestras tostadas, croissants, molletes, pinchos y platos para empezar el d\u00eda. Y si [&hellip;]<\/p>\n","protected":false},"author":2,"featured_media":0,"parent":0,"menu_order":0,"comment_status":"closed","ping_status":"closed","template":"elementor_header_footer","meta":{"footnotes":""},"class_list":["post-3508","page","type-page","status-publish","hentry"],"aioseo_notices":[],"_links":{"self":[{"href":"https:\/\/restaurantemanjares.es\/en\/wp-json\/wp\/v2\/pages\/3508","targetHints":{"allow":["GET"]}}],"collection":[{"href":"https:\/\/restaurantemanjares.es\/en\/wp-json\/wp\/v2\/pages"}],"about":[{"href":"https:\/\/restaurantemanjares.es\/en\/wp-json\/wp\/v2\/types\/page"}],"author":[{"embeddable":true,"href":"https:\/\/restaurantemanjares.es\/en\/wp-json\/wp\/v2\/users\/2"}],"replies":[{"embeddable":true,"href":"https:\/\/restaurantemanjares.es\/en\/wp-json\/wp\/v2\/comments?post=3508"}],"version-history":[{"count":103,"href":"https:\/\/restaurantemanjares.es\/en\/wp-json\/wp\/v2\/pages\/3508\/revisions"}],"predecessor-version":[{"id":5925,"href":"https:\/\/restaurantemanjares.es\/en\/wp-json\/wp\/v2\/pages\/3508\/revisions\/5925"}],"wp:attachment":[{"href":"https:\/\/restaurantemanjares.es\/en\/wp-json\/wp\/v2\/media?parent=3508"}],"curies":[{"name":"wp","href":"https:\/\/api.w.org\/{rel}","templated":true}]}}