{"id":3,"date":"2021-12-09T08:00:54","date_gmt":"2021-12-09T08:00:54","guid":{"rendered":"https:\/\/restaurantemanjares.es\/bew\/?page_id=3"},"modified":"2021-12-18T20:03:31","modified_gmt":"2021-12-18T20:03:31","slug":"politica-privacidad","status":"publish","type":"page","link":"https:\/\/restaurantemanjares.es\/en\/politica-privacidad\/","title":{"rendered":"Privacy policy"},"content":{"rendered":"<div data-elementor-type=\"wp-page\" data-elementor-id=\"3\" class=\"elementor elementor-3\" data-elementor-post-type=\"page\">\n\t\t\t\t\t\t<section class=\"elementor-section elementor-top-section elementor-element elementor-element-5b697c2e elementor-section-boxed elementor-section-height-default elementor-section-height-default\" data-id=\"5b697c2e\" data-element_type=\"section\" data-e-type=\"section\">\n\t\t\t\t\t\t<div class=\"elementor-container elementor-column-gap-default\">\n\t\t\t\t\t<div class=\"elementor-column elementor-col-100 elementor-top-column elementor-element elementor-element-4a46b232\" data-id=\"4a46b232\" data-element_type=\"column\" data-e-type=\"column\" data-settings=\"{&quot;background_background&quot;:&quot;classic&quot;}\">\n\t\t\t<div class=\"elementor-widget-wrap elementor-element-populated\">\n\t\t\t\t\t\t<div class=\"elementor-element elementor-element-76c135ca elementor-widget elementor-widget-text-editor\" data-id=\"76c135ca\" data-element_type=\"widget\" data-e-type=\"widget\" data-widget_type=\"text-editor.default\">\n\t\t\t\t<div class=\"elementor-widget-container\">\n\t\t\t\t\t\t\t\t\t\n<h5 class=\"wp-block-heading\"><span style=\"color: #ffffff;\"><strong>POL\u00cdTICA DE PRIVACIDAD<\/strong><\/span><\/h5>\n<p>El presente documento regula las normas relativas a la Pol\u00edtica de Privacidad sobre la que la mercantil CONSTRUCCIONES CAR-MEN, S.L., como Responsable del Tratamiento llevar\u00e1 a cabo el tratamiento de los datos personales de sus clientes (compradores o no de sus servicios) y proveedores o terceros, facilitados por aquellos durante su acceso a la p\u00e1gina web <a href=\"https:\/\/restaurantemanjares.es\/en\/\">https:\/\/restaurantemanjares.es<\/a> en su proceso de registro o facilitados por cualquier otro medio v\u00e1lido en derecho.<\/p>\n<p>Si usted acepta expresamente la cesi\u00f3n de sus datos a Restaurante Manjares, cualquiera que sea el medio por el que lo haga, siempre que su consentimiento sea expreso, dar\u00e1 su consentimiento de una forma libre, informada, espec\u00edfica e inequ\u00edvoca para que Restaurante Manjares trate sus datos personales, conforme al Reglamento General de Protecci\u00f3n de Datos del Parlamento y del Consejo 679\/2016, de 27 de abril (en adelante \u201cRGPD\u201d) y a la Ley Org\u00e1nica 3\/2018, de 5 de diciembre, de Protecci\u00f3n de Datos y Garant\u00eda de los Derechos Digitales.<\/p>\n<h5><span style=\"color: #ffffff;\">Datos del responsable del tratamiento<\/span><\/h5>\n<p><strong>Responsable:\u00a0\u00a0<\/strong>\u00a0\u00a0\u00a0\u00a0\u00a0\u00a0\u00a0\u00a0\u00a0\u00a0\u00a0\u00a0\u00a0\u00a0\u00a0\u00a0\u00a0\u00a0\u00a0\u00a0 CONSTRUCCIONES CAR-MEN, S.L.<\/p>\n<p><strong>CIF:\u00a0\u00a0\u00a0\u00a0<\/strong>\u00a0\u00a0\u00a0\u00a0\u00a0\u00a0\u00a0\u00a0\u00a0\u00a0\u00a0\u00a0\u00a0\u00a0\u00a0\u00a0\u00a0\u00a0\u00a0\u00a0\u00a0\u00a0\u00a0\u00a0\u00a0\u00a0\u00a0\u00a0\u00a0\u00a0\u00a0\u00a0\u00a0\u00a0\u00a0\u00a0 B28170983<\/p>\n<p><strong>P\u00e1gina web:\u00a0<\/strong>\u00a0\u00a0\u00a0\u00a0\u00a0 \u00a0\u00a0\u00a0\u00a0\u00a0\u00a0\u00a0\u00a0\u00a0\u00a0\u00a0\u00a0\u00a0\u00a0\u00a0\u00a0\u00a0 <a href=\"https:\/\/restaurantemanjares.es\/en\/\">restaurantemanjares.es<\/a><\/p>\n<p><strong>Domicilio Social:\u00a0<\/strong>\u00a0\u00a0\u00a0\u00a0\u00a0\u00a0\u00a0\u00a0\u00a0\u00a0\u00a0\u00a0\u00a0\u00a0\u00a0\u00a0 Calle de la Siller\u00eda, 10, 45001, Toledo<\/p>\n<p><strong>Datos Registrales\u00a0\u00a0\u00a0<\/strong>\u00a0\u00a0\u00a0\u00a0\u00a0\u00a0\u00a0\u00a0\u00a0\u00a0\u00a0\u00a0\u00a0 Inscrita en el Registro Mercantil de Toledo Tomo 279, folio 19, hoja TO-529<\/p>\n<p><strong>Email\u00a0<\/strong>\u00a0\u00a0\u00a0\u00a0\u00a0\u00a0\u00a0\u00a0\u00a0\u00a0\u00a0 oficina@hotelposadasilleria.es<\/p>\n<h5><span style=\"color: #ffffff;\"><strong>Recogida de datos<\/strong><\/span><\/h5>\n<p>Restaurante Manjares podr\u00e1 recoger en su web los datos de sus clientes, proveedores y dem\u00e1s terceros (en adelante se les denominar\u00e1, conjuntamente, \u201cel interesado\u201d o \u201clos interesados\u201d) cuando estos acceden a ella y se registran o solicitan sus servicios a trav\u00e9s del link de contacto.<\/p>\n<p>El interesado deber\u00e1 introducir todos los datos que la Plataforma le requiera en cada momento (especialmente, aquellos marcados con asterisco), pues en caso de no hacerlo, no podr\u00e1 completar su registro como usuario o el uso de determinadas funcionalidades o servicios disponibles a trav\u00e9s de aquella.<\/p>\n<p>Tambi\u00e9n se recabar\u00e1n datos de interesados cuando por otros medios los interesados los hubieren facilitado a Restaurante Manjares, dentro del normal desarrollo de una actividad comercial o profesional.<\/p>\n<p>Asimismo, el interesado garantizar\u00e1 que los Datos Personales proporcionados son ciertos y exactos y deber\u00e1 notificar por el conducto apropiado, cualquier cambio o modificaci\u00f3n de los mismos.<\/p>\n<p>En el caso de que el interesado facilite datos de terceros, asumir\u00e1 la responsabilidad de haberle informado previamente y tener su consentimiento para ello, conforme al art\u00edculo 14 del RGPD.<\/p>\n<h5><span style=\"color: #ffffff;\">Categor\u00eda de datos recogidos<\/span><\/h5>\n<p>Restaurante Manjares tratar\u00e1 los siguientes datos personales del usuario:<\/p>\n<p>Datos identificativos: nombre y apellidos, NIF<br \/>Datos de contacto: n\u00famero de tel\u00e9fono, correo electr\u00f3nico y direcci\u00f3n postal.<br \/>Empresa para la que trabaja<br \/>Datos de su Tarjeta de pago de cr\u00e9dito o d\u00e9bito<br \/>Cuenta bancaria<\/p>\n<h5><span style=\"color: #ffffff;\">Destinatarios de los datos<\/span><\/h5>\n<p>Tendr\u00e1n acceso a sus datos aquellos proveedores que realizan servicios a Restaurante Manjares relativos al servicio que \u00e9sta le presta al interesado o viceversa. Restaurante Manjares mantendr\u00e1 los correspondientes contratos de encargo de tratamiento con cada uno de los proveedores que le prestan servicios con el objetivo de garantizar que dichos proveedores tratar\u00e1n sus datos de conformidad con lo establecido en la legislaci\u00f3n vigente.<\/p>\n<p>Los datos personales tambi\u00e9n podr\u00e1n ser cedidos a las autoridades competentes siempre que exista una obligaci\u00f3n legal.<\/p>\n<p>De igual forma, podr\u00e1n ser comunicados a las entidades financieras a trav\u00e9s de las que se articule la gesti\u00f3n de cobros y pagos.<\/p>\n<p>Tambi\u00e9n podr\u00e1n ser cedidos a terceras empresas relacionadas con la actividad de Restaurante Manjares, con la finalidad de enviar al usuario informaci\u00f3n comercial que pudiera interesarle, siempre conectada con el negocio de Restaurante Manjares y siempre que el usuario lo hubiera aceptado expresamente.<\/p>\n<h5><span style=\"color: #ffffff;\">Finalidad del tratamiento<\/span><\/h5>\n<p>Restaurante Manjares realizar\u00e1 un tratamiento de datos personales con las finalidades que se exponen a continuaci\u00f3n, en funci\u00f3n del motivo para el que le hayan sido facilitados:<\/p>\n<p>Llevar a cabo la prestaci\u00f3n de los servicios contratados, el mantenimiento de la relaci\u00f3n contractual y el seguimiento de la misma.<\/p>\n<p>Contactar, tramitar, gestionar y dar respuesta a la petici\u00f3n, solicitud, incidencia o consulta del usuario (ya sea a trav\u00e9s de correo electr\u00f3nico, formulario de contacto o tel\u00e9fono).<\/p>\n<p>Gestionar en su caso, la participaci\u00f3n del usuario en el \u00e1rea privada del cliente.<\/p>\n<p>Gestionar, en su caso, el env\u00edo de comunicaciones comerciales sobre productos y servicios comercializados por Restaurante Manjares por medios electr\u00f3nicos y\/o convencionales.<\/p>\n<p>Realizar, en su caso, un perfil del usuario para ofrecerle los productos y servicios relacionados con Restaurante Manjares de acuerdo con sus intereses.<\/p>\n<p>Valorar y gestionar, en su caso, el curr\u00edculo facilitado por el usuario para procesos de selecci\u00f3n que se adapten a su perfil profesional y llevar a cabo las actuaciones necesarias para la selecci\u00f3n y contrataci\u00f3n de personal.<\/p>\n<p>Con base en lo anterior y dependiendo de la categor\u00eda de usuario, Restaurante Manjares podr\u00e1 dar a los datos los usos siguientes:<\/p>\n<p><strong>Clientes:<\/strong><\/p>\n<p>Elaboraci\u00f3n de presupuestos<\/p>\n<p>Facturaci\u00f3n<\/p>\n<p>Env\u00edo de comunicaciones comerciales<\/p>\n<p>Actualizaciones de condiciones de servicios<\/p>\n<p>Comunicaci\u00f3n habitual dentro de la prestaci\u00f3n de servicios contratada<\/p>\n<p>Realizar un perfil profesional para la oferta de servicios<\/p>\n<p><strong>Proveedores:<\/strong><\/p>\n<p>Facturaci\u00f3n<\/p>\n<p>Env\u00edo de comunicaciones comerciales<\/p>\n<p>Actualizaciones de condiciones de servicios<\/p>\n<p>Comunicaci\u00f3n habitual dentro de la prestaci\u00f3n de servicios contratada.<\/p>\n<p>Contactos de Redes Sociales<\/p>\n<p>Creaci\u00f3n de comunidad de seguidores<\/p>\n<p>Gesti\u00f3n de solicitudes de amistad<\/p>\n<p>Env\u00edo de informaci\u00f3n comercial.<\/p>\n<p>Realizar un perfil profesional para la oferta de servicios<\/p>\n<p>Actualizaciones de condiciones de servicios<\/p>\n<p><strong>Solicitantes de empleo:<\/strong><\/p>\n<p>Valoraci\u00f3n de los datos incluidos en el curr\u00edculo para analizar la adecuaci\u00f3n a las necesidades de Restaurante Manjares<\/p>\n<p>Env\u00edo de informaci\u00f3n relevante relacionada con el empleo buscado en la organizaci\u00f3n<\/p>\n<p>En caso de que el usuario lo acepte expresamente, los datos podr\u00e1n cederse a empresas colaboradoras o afines con el objetivo de ayudar al usuario a conseguir un empleo.<\/p>\n<p>Realizar un perfil profesional.<\/p>\n<p>Legitimaci\u00f3n para la recopilaci\u00f3n y el tratamiento de los datos<\/p>\n<p>El fundamento legal para la recopilaci\u00f3n y el tratamiento de los datos de los usuarios es, por un lado, la obligaci\u00f3n imperativa de poder prestar los servicios contratados y por otro, el consentimiento expresamente otorgado por el usuario para su recopilaci\u00f3n y tratamiento.<\/p>\n<h5><span style=\"color: #ffffff;\">Duraci\u00f3n del tratamiento y conservaci\u00f3n de los datos<\/span><\/h5>\n<p>Los datos para la gesti\u00f3n de la relaci\u00f3n con el cliente, la facturaci\u00f3n y cobro de los servicios ser\u00e1n conservados durante todo el tiempo en que el contrato est\u00e9 vigente. Una vez finalizada dicha relaci\u00f3n, en su caso, los datos podr\u00e1n ser conservados durante el tiempo exigido por la legislaci\u00f3n aplicable y hasta que prescriban las eventuales responsabilidades derivadas del contrato.<\/p>\n<p>Los datos para la gesti\u00f3n de consultas y solicitudes se conservar\u00e1n durante el tiempo necesario para dar respuesta a los mismos, con un plazo m\u00e1ximo de un a\u00f1o.<\/p>\n<p>Los datos para el env\u00edo de comunicaciones comerciales y elaboraci\u00f3n de perfiles comerciales de nuestros productos o servicios ser\u00e1n conservados mientras se mantenga la relaci\u00f3n comercial con el usuario y no retire su consentimiento para ello.<\/p>\n<p>Los datos de curriculum vitae para procesos de selecci\u00f3n ser\u00e1n conservados durante dos a\u00f1os.<\/p>\n<p>A t\u00edtulo informativo, a continuaci\u00f3n se recogen los plazos legales de conservaci\u00f3n de la informaci\u00f3n en relaci\u00f3n a diferentes materias:<\/p>\n<p>DOCUMENTO PLAZO REF.\u00a0 LEGAL<br \/>Documentaci\u00f3n de car\u00e1cter laboral o relacionado con la seguridad social 4 a\u00f1os Art\u00edculo 21 del Real Decreto Legislativo 5\/2000, de 4 de agosto, por el que se aprueba el texto refundido de la Ley sobre Infracciones y Sanciones en el Orden Social<br \/>Documentaci\u00f3n contable y fiscal a efectos mercantiles 6 a\u00f1os Art. 30 C\u00f3digo Comercio<br \/>Documentaci\u00f3n contable y fiscal a efectos fiscales 4 a\u00f1os Art\u00edculos 66 a 70 Ley General Tributaria<br \/>Control de accesos a edificios 1 mes Instrucci\u00f3n 1\/1996 de la AEPD<br \/>Videovigilancia 1 mes Gu\u00eda de 26 de noviembre de 2018 de la AEPD Ley Org\u00e1nica 4\/1997. Ley 5\/2014 de 4 de abril, de Seguridad Privada<\/p>\n<h5><span style=\"color: #ffffff;\">Derechos del usuario<\/span><\/h5>\n<p>Cualquier usuario que facilite sus datos personales a Restaurante Manjares podr\u00e1 ejercer los siguientes derechos:<\/p>\n<p>Acceso, rectificaci\u00f3n, oposici\u00f3n, supresi\u00f3n, portabilidad y limitaci\u00f3n del tratamiento, as\u00ed como rechazar el tratamiento automatizado de los datos personales recogidos por Restaurante Manjares.<\/p>\n<p>A su vez, todo usuario tendr\u00e1 derecho a retirar en cualquier momento, el consentimiento que hubiera otorgado.<\/p>\n<p>Dichos derechos podr\u00e1n ser ejercitados gratuitamente por el usuario, haciendo referencia a la petici\u00f3n que se concreta en la solicitud a trav\u00e9s de los datos de contacto que figuran en el link de Aviso Legal.<\/p>\n<p>El usuario tiene derecho a revocar su consentimiento prestado en cualquier momento para el env\u00edo de comunicaciones comerciales, simplemente notific\u00e1ndoselo a Restaurante Manjares e informando de que no desea seguir recibiendo comunicaciones comerciales. Para ello, el usuario podr\u00e1 revocar su consentimiento haciendo referencia a su petici\u00f3n a trav\u00e9s de los datos de contacto que figuran en el Aviso Legal o pulsando el link \u201cno m\u00e1s comunicaciones comerciales\u201d.<\/p>\n<p>El usuario tiene derecho a presentar una reclamaci\u00f3n ante la Agencia Espa\u00f1ola de Protecci\u00f3n de Datos si entiende que Restaurante Manjares ha cometido alg\u00fan tipo de infracci\u00f3n en el tratamiento de sus datos.<\/p>\n<p><strong>Menores<\/strong><\/p>\n<p>Restaurante Manjares no recabar\u00e1 en ning\u00fan caso datos de menores de edad. Dada la dificultad de comprobar la edad de los usuarios, ser\u00e1n los titulares de la patria potestad o de la tutela de los menores de 14 a\u00f1os los que deber\u00e1n establecer las medidas de control en los dispositivos a los que los menores pudieran acceder, para evitar que \u00e9stos cedan sus datos indebidamente.<\/p>\n<p>Si Restaurante Manjares tiene conocimiento fehaciente en alg\u00fan momento de que alg\u00fan menor ha accedido a su plataforma y se est\u00e1n tratando sus datos sin autorizaci\u00f3n de sus representantes legales, proceder\u00e1 a dar de baja inmediatamente a dicho usuario.<\/p>\n<h5><span style=\"color: #ffffff;\">Medidas de seguridad<\/span><\/h5>\n<p>Restaurante Manjares se compromete a cumplir con el compromiso de secreto de los datos personales y de su deber de guardarlos, tratando los datos personales del usuario de forma confidencial, adoptando las medidas t\u00e9cnicas y organizativas necesarias que garanticen la seguridad de los datos y eviten su alteraci\u00f3n, p\u00e9rdida, tratamiento o acceso no autorizado, habida cuenta del estado de la tecnolog\u00eda, la naturaleza de los datos almacenados y los riesgos a que est\u00e1n expuestos.<\/p>\n<p><strong><span style=\"color: #ffffff;\">Modificaciones en la pol\u00edtica de privacidad<\/span><\/strong><\/p>\n<p>Restaurante Manjares podr\u00e1 modificar su Pol\u00edtica de Privacidad de acuerdo con la legislaci\u00f3n aplicable en cada momento. En todo caso, cualquier modificaci\u00f3n de la Pol\u00edtica de Privacidad le ser\u00e1 debidamente notificada al usuario para que quede informado de los cambios realizados en el tratamiento de sus datos personales y, en caso de que la normativa aplicable as\u00ed lo exija, el usuario pueda otorgar su consentimiento.<\/p>\n<h5><span style=\"font-size: 16px;\">.<\/span><\/h5>\n\t\t\t\t\t\t\t\t<\/div>\n\t\t\t\t<\/div>\n\t\t\t\t\t<\/div>\n\t\t<\/div>\n\t\t\t\t\t<\/div>\n\t\t<\/section>\n\t\t\t\t<\/div>","protected":false},"excerpt":{"rendered":"<p>POL\u00cdTICA DE PRIVACIDAD El presente documento regula las normas relativas a la Pol\u00edtica de Privacidad sobre la que la mercantil CONSTRUCCIONES CAR-MEN, [&hellip;]<\/p>\n","protected":false},"author":1,"featured_media":0,"parent":0,"menu_order":0,"comment_status":"closed","ping_status":"open","template":"elementor_header_footer","meta":{"footnotes":""},"class_list":["post-3","page","type-page","status-publish","hentry"],"aioseo_notices":[],"_links":{"self":[{"href":"https:\/\/restaurantemanjares.es\/en\/wp-json\/wp\/v2\/pages\/3","targetHints":{"allow":["GET"]}}],"collection":[{"href":"https:\/\/restaurantemanjares.es\/en\/wp-json\/wp\/v2\/pages"}],"about":[{"href":"https:\/\/restaurantemanjares.es\/en\/wp-json\/wp\/v2\/types\/page"}],"author":[{"embeddable":true,"href":"https:\/\/restaurantemanjares.es\/en\/wp-json\/wp\/v2\/users\/1"}],"replies":[{"embeddable":true,"href":"https:\/\/restaurantemanjares.es\/en\/wp-json\/wp\/v2\/comments?post=3"}],"version-history":[{"count":15,"href":"https:\/\/restaurantemanjares.es\/en\/wp-json\/wp\/v2\/pages\/3\/revisions"}],"predecessor-version":[{"id":1561,"href":"https:\/\/restaurantemanjares.es\/en\/wp-json\/wp\/v2\/pages\/3\/revisions\/1561"}],"wp:attachment":[{"href":"https:\/\/restaurantemanjares.es\/en\/wp-json\/wp\/v2\/media?parent=3"}],"curies":[{"name":"wp","href":"https:\/\/api.w.org\/{rel}","templated":true}]}}