{"id":1582,"date":"2021-12-18T20:15:43","date_gmt":"2021-12-18T20:15:43","guid":{"rendered":"https:\/\/restaurantemanjares.es\/?page_id=1582"},"modified":"2021-12-18T20:18:57","modified_gmt":"2021-12-18T20:18:57","slug":"aviso-legal","status":"publish","type":"page","link":"https:\/\/restaurantemanjares.es\/en\/aviso-legal\/","title":{"rendered":"Legal Notice"},"content":{"rendered":"<div data-elementor-type=\"wp-page\" data-elementor-id=\"1582\" class=\"elementor elementor-1582\" data-elementor-post-type=\"page\">\n\t\t\t\t\t\t<section class=\"elementor-section elementor-top-section elementor-element elementor-element-b3ac504 elementor-section-boxed elementor-section-height-default elementor-section-height-default\" data-id=\"b3ac504\" data-element_type=\"section\" data-e-type=\"section\">\n\t\t\t\t\t\t<div class=\"elementor-container elementor-column-gap-default\">\n\t\t\t\t\t<div class=\"elementor-column elementor-col-100 elementor-top-column elementor-element elementor-element-10c631d\" data-id=\"10c631d\" data-element_type=\"column\" data-e-type=\"column\" data-settings=\"{&quot;background_background&quot;:&quot;classic&quot;}\">\n\t\t\t<div class=\"elementor-widget-wrap elementor-element-populated\">\n\t\t\t\t\t\t<div class=\"elementor-element elementor-element-b0ad6b0 elementor-widget elementor-widget-text-editor\" data-id=\"b0ad6b0\" data-element_type=\"widget\" data-e-type=\"widget\" data-widget_type=\"text-editor.default\">\n\t\t\t\t<div class=\"elementor-widget-container\">\n\t\t\t\t\t\t\t\t\t<h5><span style=\"color: #ffffff;\"><strong>AVISO LEGAL<\/strong><\/span><\/h5><p>El presente documento regula las normas relativas a las advertencias legales de la p\u00e1gina web de la mercantil CONSTRUCCIONES CAR-MEN, S.L. (en adelante, \u201cel Responsable\u201d), en lo referente al uso de la p\u00e1gina, contenidos, datos introducidos (Pol\u00edtica de Privacidad), responsabilidad por el uso por el usuario o referente a las Cookies utilizadas (Pol\u00edtica de Cookies), etc.<\/p><p>As\u00ed, el usuario queda informado de una forma clara, precisa y concisa de los derechos que ostenta y de los compromisos que asume mediante la lectura de los documentos denominados \u201cAviso Legal\u201d, \u201cPol\u00edtica de Privacidad\u201d y \u201cPol\u00edtica de Cookies\u201d, a los que podr\u00e1 acceder a trav\u00e9s de los correspondientes links en la Web.<\/p><p><strong><u>Datos del responsable del tratamiento<\/u><\/strong><\/p><p>Responsable:\u00a0\u00a0\u00a0\u00a0\u00a0\u00a0\u00a0\u00a0\u00a0\u00a0\u00a0\u00a0\u00a0\u00a0\u00a0\u00a0\u00a0\u00a0\u00a0\u00a0\u00a0\u00a0 CONSTRUCCIONES CAR-MEN, S.L.<\/p><p>CIF:\u00a0\u00a0\u00a0\u00a0\u00a0\u00a0\u00a0\u00a0\u00a0\u00a0\u00a0\u00a0\u00a0\u00a0\u00a0\u00a0\u00a0\u00a0\u00a0\u00a0\u00a0\u00a0\u00a0\u00a0\u00a0\u00a0\u00a0\u00a0\u00a0\u00a0\u00a0\u00a0\u00a0\u00a0\u00a0\u00a0\u00a0\u00a0\u00a0\u00a0 B28170983<\/p><p>P\u00e1gina web:\u00a0\u00a0\u00a0\u00a0\u00a0\u00a0 \u00a0 \u00a0\u00a0\u00a0\u00a0\u00a0\u00a0\u00a0\u00a0\u00a0\u00a0\u00a0\u00a0\u00a0\u00a0\u00a0 <a href=\"https:\/\/restaurantemanjares.es\/en\/\">restaurantemanjares.es<\/a><\/p><p>Domicilio Social:\u00a0 \u00a0\u00a0\u00a0\u00a0\u00a0\u00a0\u00a0\u00a0\u00a0\u00a0\u00a0\u00a0\u00a0\u00a0\u00a0 Calle de la Siller\u00eda, 10, 45001, Toledo<\/p><p>Datos Registrales\u00a0\u00a0\u00a0\u00a0\u00a0\u00a0\u00a0\u00a0\u00a0\u00a0\u00a0\u00a0\u00a0\u00a0\u00a0\u00a0 Inscrita en el Registro Mercantil de Toledo Tomo 279, folio 19, hoja TO-529<\/p><p>Email\u00a0\u00a0\u00a0\u00a0\u00a0\u00a0\u00a0\u00a0\u00a0\u00a0\u00a0\u00a0 <a href=\"mailto:oficina@hotelposadasilleria.es\">oficina@hotelposadasilleria.es<\/a><\/p><p><strong><u>Usuario<\/u><\/strong><u>:<\/u><\/p><p>El mero acceso y la utilizaci\u00f3n de la Web atribuye la condici\u00f3n de usuario (en adelante, el \u201c<strong>Usuario<\/strong>\u201d en singular, y los \u201c<strong>Usuarios<\/strong>\u201d en plural) de la Web y comporta la aceptaci\u00f3n plena y sin reservas por parte del Usuario, del total contenido del Aviso Legal en la versi\u00f3n publicada en la Web en el momento de dicho acceso.<\/p><p><strong><u>Normas internas aplicables a la navegaci\u00f3n:<\/u><\/strong><\/p><p>En cada acceso de los usuarios a la Plataforma, siempre que ello implique que el Responsable deba recabar alg\u00fan tipo de dato que permita identificarle (nombre y apellidos, email, n\u00famero de tel\u00e9fono, n\u00famero de dispositivo, direcci\u00f3n de facturaci\u00f3n o env\u00edo, etc (en adelante, \u201clos Datos Personales\u201d), sea con simple navegaci\u00f3n, compra de los productos del Responsable o uso de sus servicios o funcionalidades, ser\u00e1 de aplicaci\u00f3n la Pol\u00edtica de Privacidad y de Cookies y, o cualquier otro documento mencionado en aquellas (en adelante, \u201cLos T\u00e9rminos y Condiciones\u201d) vigentes en cada momento.<\/p><p>El acceso y utilizaci\u00f3n de la Web est\u00e1 sujeto y, en consecuencia, se regir\u00e1 por todo lo dispuesto en el presente Aviso Legal, sin perjuicio de las condiciones particulares que sean de aplicaci\u00f3n a servicios concretos incluidos en la misma.<\/p><p><strong><u>Modificaciones de las normas internas:<\/u><\/strong><\/p><p>Este Aviso Legal, as\u00ed como la Pol\u00edtica de Privacidad y la de Cookies podr\u00e1n ser modificadas por el Responsable, siendo la vigente en cada momento la aplicable a la operaci\u00f3n concreta del Cliente, por lo que ser\u00e1 responsabilidad de \u00e9ste visitarlas siempre que fuere preciso, con el objeto de comprobar que la operaci\u00f3n de acceso, compra, etc., que en cada momento realice, est\u00e1 sujeta a unas determinadas condiciones o pol\u00edticas.<\/p><p><strong><u>Utilizaci\u00f3n de la Web por el Usuario:<\/u><\/strong><\/p><p>El Usuario se compromete a utilizar la Web de conformidad con la legislaci\u00f3n vigente, con lo dispuesto en este Aviso Legal, as\u00ed como con la moral, la buena fe y el orden p\u00fablico.<\/p><p>El Usuario se obliga a abstenerse de utilizar la Web con fines il\u00edcitos, contrarios a lo establecido en el Aviso Legal, o de forma lesiva para los derechos e intereses del Titular de la Web o de terceros.<\/p><p>El Usuario deber\u00e1 utilizar la Web y sus contenidos bajo su \u00fanica y exclusiva responsabilidad.<\/p><p>El Usuario responder\u00e1 por los da\u00f1os y perjuicios de cualquier naturaleza que el Titular de la Web pueda sufrir como consecuencia, directa o indirecta, del incumplimiento por parte del Usuario del Aviso Legal.<\/p><p>El Titular de la Web se reserva el derecho a suspender, interrumpir, denegar o retirar el acceso y\/o utilizaci\u00f3n de su Web, en cualquier momento y sin necesidad de preaviso, a todo Usuario que incumpla con el presente Aviso Legal.<\/p><p><strong><u>Exclusi\u00f3n de responsabilidad del Responsable:<\/u><\/strong><\/p><p>En la medida en que lo permita la legislaci\u00f3n vigente, el Titular de la Web se exime de toda responsabilidad derivada, a t\u00edtulo enunciativo, pero no limitativo:<\/p><p>De cualquier error, supresi\u00f3n, retraso o anomal\u00eda que se pueda producir en la transmisi\u00f3n y funcionamiento de la Web, que tengan origen en causas de fuerza mayor o fortuita (ya sean problemas de internet, errores inform\u00e1ticos, aver\u00edas telef\u00f3nicas, hackers, etc.), o que hubiera sido causado por mala fe del Usuario.<\/p><p>De los derivados de la utilizaci\u00f3n inadecuada que los Usuarios puedan hacer de la Web o de las webs de enlace, y que resulten en una infracci\u00f3n de derechos de propiedad intelectual y\/o industrial, o en otros il\u00edcitos civiles o penales.<\/p><p>De las reclamaciones de terceros que se deriven del uso indebido por el Usuario de la Web.<\/p><p>De los actos u omisiones de terceros, con independencia de que \u00e9stos pudieran mantener alguna relaci\u00f3n contractual con el Titular de la Web.<\/p><p>Del acceso y uso de la Web a contenidos no aptos, as\u00ed como el env\u00edo de datos, por parte de menores de edad, sin el consentimiento de los padres o tutores, cuando la Ley as\u00ed lo requiera, siendo responsabilidad de los progenitores o tutores ejercer el control adecuado para que los menores a su cargo eviten el acceso y uso a contenidos no aptos.<\/p><p>De los errores u omisiones, o desactualizaci\u00f3n de los contenidos publicados en la Web.<\/p><p>De los datos inciertos, imprecisos, incorrectos o incompletos facilitados por el Usuario que impidan transmitir los productos o servicios contratados y\/o contactar con el Usuario.<\/p><p><strong><u>Enlaces a p\u00e1ginas de terceros:<\/u><\/strong><\/p><p>La Web puede poner a disposici\u00f3n de los Usuarios enlaces a otros sitios web gestionados por terceros, a trav\u00e9s de dispositivos t\u00e9cnicos tales como, entre otros, enlaces de hipertexto, banners, botones, directorios y cualquier otra herramienta de b\u00fasqueda que permita al Usuario acceder a sitios web distintos de la Web o sitios web de terceros (en adelante, \u201c<strong>Links<\/strong>\u201d). La utilizaci\u00f3n de Links no implica que exista dependencia con el Titular de la Web, salvo que se diga expresamente lo contrario, ni supone la aceptaci\u00f3n, aval o recomendaci\u00f3n por parte del Titular de la Web de los contenidos o servicios por ellos ofrecidos, ni garant\u00eda alguna al Usuario. Por consiguiente, el Usuario deber\u00e1 valorar bajo su responsabilidad la navegaci\u00f3n a los otros sitios web a trav\u00e9s de dichos Links, quedando el Titular de la Web exonerada de toda responsabilidad en relaci\u00f3n con la informaci\u00f3n, datos, archivos, productos, servicios y cualquier clase de material existente en las p\u00e1ginas a las que se acceda a trav\u00e9s de los Links.<\/p><p>De igual forma, todos aquellos Links entre cualquier sitio web y la Web no implican, por su mera existencia, relaci\u00f3n legal alguna entre la Web y la web que incorpore dichos Links, as\u00ed como tampoco el conocimiento y aceptaci\u00f3n por parte del Titular de la Web de su existencia y contenido.<\/p><p><strong><u>Propiedad Intelectual e Industrial<\/u><\/strong><\/p><p>El Responsable ostenta todos los derechos relacionados con im\u00e1genes, art\u00edculos, enlaces, etc. que se encuentren en este sitio web o tiene una autorizaci\u00f3n del titular de las mismas. Ning\u00fan usuario podr\u00e1 hacer uso de aquellos sin una autorizaci\u00f3n previa por parte del Responsable.<\/p><p>Se entender\u00e1 que el Responsable es la titular exclusiva de cualquier marca o distintivo objeto de propiedad intelectual que aparezca en su web o, en su caso, que tiene una autorizaci\u00f3n del titular de aquellas que est\u00e1 limitada solo a su uso en la Web del Responsable y que, por lo tanto, \u00e9sta no puede ceder a ning\u00fan usuario sin autorizaci\u00f3n previa de su titular.<\/p><p><strong><u>Normativa y jurisdicci\u00f3n:<\/u><\/strong><\/p><p>Nuestros textos legales se rigen por la ley espa\u00f1ola, si\u00e9ndoles de aplicaci\u00f3n lo dispuesto en el Reglamento de Protecci\u00f3n de Datos del Parlamento Europeo y del Consejo 679\/2016, de 27 de abril y la Ley Org\u00e1nica 3\/2018 de 5 de diciembre, de Protecci\u00f3n de Datos Personales y garant\u00eda de los derechos digitales y la Ley 34\/2002 de 11 de julio, de Servicios de la Sociedad de la Informaci\u00f3n y del Comercio Electr\u00f3nico. Estos textos permanecer\u00e1n accesibles para los usuarios en todo momento desde esta p\u00e1gina web.<\/p><p>Si las partes no acordasen someterse a mediaci\u00f3n o arbitraje previamente, en el presente aviso legal se establece el acuerdo de someterse a los Juzgados y Tribunales del domicilio del Responsable, renunciando expresamente a cualquier otra que pudiera corresponderles.<\/p>\t\t\t\t\t\t\t\t<\/div>\n\t\t\t\t<\/div>\n\t\t\t\t\t<\/div>\n\t\t<\/div>\n\t\t\t\t\t<\/div>\n\t\t<\/section>\n\t\t\t\t<\/div>","protected":false},"excerpt":{"rendered":"<p>AVISO LEGAL El presente documento regula las normas relativas a las advertencias legales de la p\u00e1gina web de la mercantil CONSTRUCCIONES CAR-MEN, [&hellip;]<\/p>\n","protected":false},"author":1,"featured_media":0,"parent":0,"menu_order":0,"comment_status":"closed","ping_status":"closed","template":"elementor_header_footer","meta":{"footnotes":""},"class_list":["post-1582","page","type-page","status-publish","hentry"],"aioseo_notices":[],"_links":{"self":[{"href":"https:\/\/restaurantemanjares.es\/en\/wp-json\/wp\/v2\/pages\/1582","targetHints":{"allow":["GET"]}}],"collection":[{"href":"https:\/\/restaurantemanjares.es\/en\/wp-json\/wp\/v2\/pages"}],"about":[{"href":"https:\/\/restaurantemanjares.es\/en\/wp-json\/wp\/v2\/types\/page"}],"author":[{"embeddable":true,"href":"https:\/\/restaurantemanjares.es\/en\/wp-json\/wp\/v2\/users\/1"}],"replies":[{"embeddable":true,"href":"https:\/\/restaurantemanjares.es\/en\/wp-json\/wp\/v2\/comments?post=1582"}],"version-history":[{"count":13,"href":"https:\/\/restaurantemanjares.es\/en\/wp-json\/wp\/v2\/pages\/1582\/revisions"}],"predecessor-version":[{"id":1596,"href":"https:\/\/restaurantemanjares.es\/en\/wp-json\/wp\/v2\/pages\/1582\/revisions\/1596"}],"wp:attachment":[{"href":"https:\/\/restaurantemanjares.es\/en\/wp-json\/wp\/v2\/media?parent=1582"}],"curies":[{"name":"wp","href":"https:\/\/api.w.org\/{rel}","templated":true}]}}